{"id":6960,"date":"2025-05-16T09:20:17","date_gmt":"2025-05-16T08:20:17","guid":{"rendered":"https:\/\/luciaguanaes.com\/pt\/?page_id=6960"},"modified":"2025-06-13T11:03:54","modified_gmt":"2025-06-13T10:03:54","slug":"livros","status":"publish","type":"page","link":"https:\/\/luciaguanaes.com\/pt\/publicacoes\/livros\/","title":{"rendered":"livros"},"content":{"rendered":"<div class=\"liste-pages type-livre \"><div class=\"item-liste\"><div class=\"item-image vertical\"><img decoding=\"async\" src=\"https:\/\/luciaguanaes.com\/pt\/wp-content\/uploads\/2025\/05\/exile-city-cover-327x460.jpg\" alt=\"\"><\/div><div class=\"item-notice\"><h2>EXILE CITY<\/h2>\n<p style=\"font-weight: 400\">Edi\u00e7\u00e3o bilingue franc\u00eas \/ portugu\u00eas<br \/>\nFormato 20 x 28 cm, 136 paginas, 98 fotografias<br \/>\nTiragem 350 exemplares, impress\u00e3o offset<br \/>\nEd. Tout pour plaire, Paris, 2025<br \/>\nISBN 978-2-9514322-7-7<\/p>\n\t<div class=\"lightbox-wrapper\">\n\t\t<div class=\"lightbox-trigger\">\u00bb Feuilleter<\/div>\n\t\t<div class=\"lightbox-container\" data-background=\"#000\" style=\"display: none;\">\n\t\t\t<div class=\"lightbox-overlay\"><\/div>\n\t\t\t<div class=\"lightbox-content orientation-horizontal\">\n\t\t\t\t<span class=\"lightbox-close\">\u00d7<\/span>\n\t\t\t\t<div class=\"lightbox-image-container\">\n\t\t\t\t\t<img\n\t\t\t\t\tclass=\"lightbox-image non-selectable\"\n\t\t\t\t\tdata-index=\"0\"\n\t\t\t\t\tsrc=\"\"\n\t\t\t\t\tdata-src=\"https:\/\/luciaguanaes.com\/pt\/wp-content\/uploads\/2025\/05\/01-lucia-guanaes-livre-exile-city-double-page.jpg\"\n\t\t\t\t\talt=\"Page 1\"\n\t\t\t\t\tloading=\"lazy\"\n\t\t\t\t\/><img\n\t\t\t\t\tclass=\"lightbox-image non-selectable\"\n\t\t\t\t\tdata-index=\"1\"\n\t\t\t\t\tsrc=\"\"\n\t\t\t\t\tdata-src=\"https:\/\/luciaguanaes.com\/pt\/wp-content\/uploads\/2025\/05\/02-lucia-guanaes-livre-exile-city-double-page.jpg\"\n\t\t\t\t\talt=\"Page 2\"\n\t\t\t\t\tloading=\"lazy\"\n\t\t\t\t\/><img\n\t\t\t\t\tclass=\"lightbox-image non-selectable\"\n\t\t\t\t\tdata-index=\"2\"\n\t\t\t\t\tsrc=\"\"\n\t\t\t\t\tdata-src=\"https:\/\/luciaguanaes.com\/pt\/wp-content\/uploads\/2025\/05\/03-lucia-guanaes-livre-exile-city-double-page.jpg\"\n\t\t\t\t\talt=\"Page 3\"\n\t\t\t\t\tloading=\"lazy\"\n\t\t\t\t\/><img\n\t\t\t\t\tclass=\"lightbox-image non-selectable\"\n\t\t\t\t\tdata-index=\"3\"\n\t\t\t\t\tsrc=\"\"\n\t\t\t\t\tdata-src=\"https:\/\/luciaguanaes.com\/pt\/wp-content\/uploads\/2025\/05\/04-lucia-guanaes-livre-exile-city-double-page.jpg\"\n\t\t\t\t\talt=\"Page 4\"\n\t\t\t\t\tloading=\"lazy\"\n\t\t\t\t\/><img\n\t\t\t\t\tclass=\"lightbox-image non-selectable\"\n\t\t\t\t\tdata-index=\"4\"\n\t\t\t\t\tsrc=\"\"\n\t\t\t\t\tdata-src=\"https:\/\/luciaguanaes.com\/pt\/wp-content\/uploads\/2025\/05\/05-lucia-guanaes-livre-exile-city-double-page.jpg\"\n\t\t\t\t\talt=\"Page 5\"\n\t\t\t\t\tloading=\"lazy\"\n\t\t\t\t\/><img\n\t\t\t\t\tclass=\"lightbox-image non-selectable\"\n\t\t\t\t\tdata-index=\"5\"\n\t\t\t\t\tsrc=\"\"\n\t\t\t\t\tdata-src=\"https:\/\/luciaguanaes.com\/pt\/wp-content\/uploads\/2025\/05\/06-lucia-guanaes-livre-exile-city-double-page.jpg\"\n\t\t\t\t\talt=\"Page 6\"\n\t\t\t\t\tloading=\"lazy\"\n\t\t\t\t\/><img\n\t\t\t\t\tclass=\"lightbox-image non-selectable\"\n\t\t\t\t\tdata-index=\"6\"\n\t\t\t\t\tsrc=\"\"\n\t\t\t\t\tdata-src=\"https:\/\/luciaguanaes.com\/pt\/wp-content\/uploads\/2025\/05\/07-lucia-guanaes-livre-exile-city-double-page.jpg\"\n\t\t\t\t\talt=\"Page 7\"\n\t\t\t\t\tloading=\"lazy\"\n\t\t\t\t\/><img\n\t\t\t\t\tclass=\"lightbox-image non-selectable\"\n\t\t\t\t\tdata-index=\"7\"\n\t\t\t\t\tsrc=\"\"\n\t\t\t\t\tdata-src=\"https:\/\/luciaguanaes.com\/pt\/wp-content\/uploads\/2025\/05\/08-lucia-guanaes-livre-exile-city-double-page.jpg\"\n\t\t\t\t\talt=\"Page 8\"\n\t\t\t\t\tloading=\"lazy\"\n\t\t\t\t\/><img\n\t\t\t\t\tclass=\"lightbox-image non-selectable\"\n\t\t\t\t\tdata-index=\"8\"\n\t\t\t\t\tsrc=\"\"\n\t\t\t\t\tdata-src=\"https:\/\/luciaguanaes.com\/pt\/wp-content\/uploads\/2025\/05\/09-lucia-guanaes-livre-exile-city-double-page.jpg\"\n\t\t\t\t\talt=\"Page 9\"\n\t\t\t\t\tloading=\"lazy\"\n\t\t\t\t\/><img\n\t\t\t\t\tclass=\"lightbox-image non-selectable\"\n\t\t\t\t\tdata-index=\"9\"\n\t\t\t\t\tsrc=\"\"\n\t\t\t\t\tdata-src=\"https:\/\/luciaguanaes.com\/pt\/wp-content\/uploads\/2025\/05\/10-lucia-guanaes-livre-exile-city-double-page.jpg\"\n\t\t\t\t\talt=\"Page 10\"\n\t\t\t\t\tloading=\"lazy\"\n\t\t\t\t\/><img\n\t\t\t\t\tclass=\"lightbox-image non-selectable\"\n\t\t\t\t\tdata-index=\"10\"\n\t\t\t\t\tsrc=\"\"\n\t\t\t\t\tdata-src=\"https:\/\/luciaguanaes.com\/pt\/wp-content\/uploads\/2025\/05\/11-lucia-guanaes-livre-exile-city-double-page.jpg\"\n\t\t\t\t\talt=\"Page 11\"\n\t\t\t\t\tloading=\"lazy\"\n\t\t\t\t\/><img\n\t\t\t\t\tclass=\"lightbox-image non-selectable\"\n\t\t\t\t\tdata-index=\"11\"\n\t\t\t\t\tsrc=\"\"\n\t\t\t\t\tdata-src=\"https:\/\/luciaguanaes.com\/pt\/wp-content\/uploads\/2025\/05\/12-lucia-guanaes-livre-exile-city-double-page.jpg\"\n\t\t\t\t\talt=\"Page 12\"\n\t\t\t\t\tloading=\"lazy\"\n\t\t\t\t\/>\t\t\t\t<\/div>\n\t\t\t\t<div class=\"lightbox-pagination\"><\/div>\n\t\t\t<\/div>\n\t\t<\/div>\n\t<\/div>\n\t<\/div><\/div><div class=\"item-liste\"><div class=\"item-image horizontal\"><img decoding=\"async\" src=\"https:\/\/luciaguanaes.com\/pt\/wp-content\/uploads\/2025\/05\/sao-paulo-de-todas-as-sombras-444x323.jpg\" alt=\"\"><\/div><div class=\"item-notice\"><h2>S\u00c3O PAULO DE TODAS AS SOMBRAS<\/h2>\n<p style=\"font-weight: 400\">Edi\u00e7\u00e3o bilingue franc\u00eas \/ portugu\u00eas<br \/>\nFotografias: Lucia Guanaes e Marc Dumas<br \/>\nContos: Di\u00f3genes Moura<br \/>\nFormato 22 x 30 cm, 160 paginas, 119 fotografias<br \/>\nTiragem 700 exemplares, impress\u00e3o offset<br \/>\nCoedi\u00e7\u00e3o:<br \/>\nTout pour plaire, Paris, ISBN 978-2-9514322-5-3<br \/>\nBriquet de Lemos \/ Livros, Brasilia,<br \/>\nISBN 978-85-85637-48-4, 2013<\/p>\n\t<div class=\"lightbox-wrapper\">\n\t\t<div class=\"lightbox-trigger\">\u00bb Feuilleter<\/div>\n\t\t<div class=\"lightbox-container\" data-background=\"#000\" style=\"display: none;\">\n\t\t\t<div class=\"lightbox-overlay\"><\/div>\n\t\t\t<div class=\"lightbox-content orientation-horizontal\">\n\t\t\t\t<span class=\"lightbox-close\">\u00d7<\/span>\n\t\t\t\t<div class=\"lightbox-image-container\">\n\t\t\t\t\t<img\n\t\t\t\t\tclass=\"lightbox-image non-selectable\"\n\t\t\t\t\tdata-index=\"0\"\n\t\t\t\t\tsrc=\"\"\n\t\t\t\t\tdata-src=\"https:\/\/luciaguanaes.com\/pt\/wp-content\/uploads\/2025\/05\/sao-paulo-de-todas-as-sombras-livre-feuilletage-editions-tout-pour-plaire-01-topaz-text-shapes-2x.jpeg\"\n\t\t\t\t\talt=\"Page 1\"\n\t\t\t\t\tloading=\"lazy\"\n\t\t\t\t\/><img\n\t\t\t\t\tclass=\"lightbox-image non-selectable\"\n\t\t\t\t\tdata-index=\"1\"\n\t\t\t\t\tsrc=\"\"\n\t\t\t\t\tdata-src=\"https:\/\/luciaguanaes.com\/pt\/wp-content\/uploads\/2025\/05\/sao-paulo-de-todas-as-sombras-livre-feuilletage-editions-tout-pour-plaire-02-topaz-text-shapes-2x.jpeg\"\n\t\t\t\t\talt=\"Page 2\"\n\t\t\t\t\tloading=\"lazy\"\n\t\t\t\t\/><img\n\t\t\t\t\tclass=\"lightbox-image non-selectable\"\n\t\t\t\t\tdata-index=\"2\"\n\t\t\t\t\tsrc=\"\"\n\t\t\t\t\tdata-src=\"https:\/\/luciaguanaes.com\/pt\/wp-content\/uploads\/2025\/05\/sao-paulo-de-todas-as-sombras-livre-feuilletage-editions-tout-pour-plaire-03-topaz-text-shapes-2x.jpeg\"\n\t\t\t\t\talt=\"Page 3\"\n\t\t\t\t\tloading=\"lazy\"\n\t\t\t\t\/><img\n\t\t\t\t\tclass=\"lightbox-image non-selectable\"\n\t\t\t\t\tdata-index=\"3\"\n\t\t\t\t\tsrc=\"\"\n\t\t\t\t\tdata-src=\"https:\/\/luciaguanaes.com\/pt\/wp-content\/uploads\/2025\/05\/sao-paulo-de-todas-as-sombras-livre-feuilletage-editions-tout-pour-plaire-04-topaz-text-shapes-2x.jpeg\"\n\t\t\t\t\talt=\"Page 4\"\n\t\t\t\t\tloading=\"lazy\"\n\t\t\t\t\/><img\n\t\t\t\t\tclass=\"lightbox-image non-selectable\"\n\t\t\t\t\tdata-index=\"4\"\n\t\t\t\t\tsrc=\"\"\n\t\t\t\t\tdata-src=\"https:\/\/luciaguanaes.com\/pt\/wp-content\/uploads\/2025\/05\/sao-paulo-de-todas-as-sombras-livre-feuilletage-editions-tout-pour-plaire-05-topaz-text-shapes-2x.jpeg\"\n\t\t\t\t\talt=\"Page 5\"\n\t\t\t\t\tloading=\"lazy\"\n\t\t\t\t\/><img\n\t\t\t\t\tclass=\"lightbox-image non-selectable\"\n\t\t\t\t\tdata-index=\"5\"\n\t\t\t\t\tsrc=\"\"\n\t\t\t\t\tdata-src=\"https:\/\/luciaguanaes.com\/pt\/wp-content\/uploads\/2025\/05\/sao-paulo-de-todas-as-sombras-livre-feuilletage-editions-tout-pour-plaire-06-topaz-text-shapes-2x.jpeg\"\n\t\t\t\t\talt=\"Page 6\"\n\t\t\t\t\tloading=\"lazy\"\n\t\t\t\t\/><img\n\t\t\t\t\tclass=\"lightbox-image non-selectable\"\n\t\t\t\t\tdata-index=\"6\"\n\t\t\t\t\tsrc=\"\"\n\t\t\t\t\tdata-src=\"https:\/\/luciaguanaes.com\/pt\/wp-content\/uploads\/2025\/05\/sao-paulo-de-todas-as-sombras-livre-feuilletage-editions-tout-pour-plaire-071-topaz-text-shapes-2x.jpeg\"\n\t\t\t\t\talt=\"Page 7\"\n\t\t\t\t\tloading=\"lazy\"\n\t\t\t\t\/><img\n\t\t\t\t\tclass=\"lightbox-image non-selectable\"\n\t\t\t\t\tdata-index=\"7\"\n\t\t\t\t\tsrc=\"\"\n\t\t\t\t\tdata-src=\"https:\/\/luciaguanaes.com\/pt\/wp-content\/uploads\/2025\/05\/sao-paulo-de-todas-as-sombras-livre-feuilletage-editions-tout-pour-plaire-081-topaz-text-shapes-2x.jpeg\"\n\t\t\t\t\talt=\"Page 8\"\n\t\t\t\t\tloading=\"lazy\"\n\t\t\t\t\/><img\n\t\t\t\t\tclass=\"lightbox-image non-selectable\"\n\t\t\t\t\tdata-index=\"8\"\n\t\t\t\t\tsrc=\"\"\n\t\t\t\t\tdata-src=\"https:\/\/luciaguanaes.com\/pt\/wp-content\/uploads\/2025\/05\/sao-paulo-de-todas-as-sombras-livre-feuilletage-editions-tout-pour-plaire-091-topaz-text-shapes-2x.jpeg\"\n\t\t\t\t\talt=\"Page 9\"\n\t\t\t\t\tloading=\"lazy\"\n\t\t\t\t\/><img\n\t\t\t\t\tclass=\"lightbox-image non-selectable\"\n\t\t\t\t\tdata-index=\"9\"\n\t\t\t\t\tsrc=\"\"\n\t\t\t\t\tdata-src=\"https:\/\/luciaguanaes.com\/pt\/wp-content\/uploads\/2025\/05\/sao-paulo-de-todas-as-sombras-livre-feuilletage-editions-tout-pour-plaire-101-topaz-text-shapes-2x.jpeg\"\n\t\t\t\t\talt=\"Page 10\"\n\t\t\t\t\tloading=\"lazy\"\n\t\t\t\t\/><img\n\t\t\t\t\tclass=\"lightbox-image non-selectable\"\n\t\t\t\t\tdata-index=\"10\"\n\t\t\t\t\tsrc=\"\"\n\t\t\t\t\tdata-src=\"https:\/\/luciaguanaes.com\/pt\/wp-content\/uploads\/2025\/05\/sao-paulo-de-todas-as-sombras-livre-feuilletage-editions-tout-pour-plaire-111-topaz-text-shapes-2x.jpeg\"\n\t\t\t\t\talt=\"Page 11\"\n\t\t\t\t\tloading=\"lazy\"\n\t\t\t\t\/><img\n\t\t\t\t\tclass=\"lightbox-image non-selectable\"\n\t\t\t\t\tdata-index=\"11\"\n\t\t\t\t\tsrc=\"\"\n\t\t\t\t\tdata-src=\"https:\/\/luciaguanaes.com\/pt\/wp-content\/uploads\/2025\/05\/sao-paulo-de-todas-as-sombras-livre-feuilletage-editions-tout-pour-plaire-121-topaz-text-shapes-2x.jpeg\"\n\t\t\t\t\talt=\"Page 12\"\n\t\t\t\t\tloading=\"lazy\"\n\t\t\t\t\/>\t\t\t\t<\/div>\n\t\t\t\t<div class=\"lightbox-pagination\"><\/div>\n\t\t\t<\/div>\n\t\t<\/div>\n\t<\/div>\n\t<\/div><\/div><div class=\"item-liste\"><div class=\"item-image carre\"><img decoding=\"async\" src=\"https:\/\/luciaguanaes.com\/pt\/wp-content\/uploads\/2025\/05\/lucia-guanaes-transfigurations-livre-couverture-444x443.jpg\" alt=\"\"><\/div><div class=\"item-notice\"><h2 style=\"font-weight: 400\"><strong>TRANSFIGURATIONS<\/strong><\/h2>\n<p style=\"font-weight: 400\"><em>Cat\u00e1logo da exposi\u00e7\u00e3o Transfigura\u00e7\u00f5es,<br \/>\nPinacoteca de S\u00e3o Paulo, 2005<br \/>\n<\/em>Edi\u00e7\u00e3o bilingue franc\u00eas \/ portugu\u00eas<br \/>\nPrefacio de Di\u00f3genes Moura,<br \/>\ntextos de Lucia Guanaes e Michel Riaudel<br \/>\nFormato 22 x 22 cm, 60 paginas, 38 fotografias<br \/>\nTiragem 800 exemplares, impress\u00e3o offset<br \/>\nEd. Tout pour Plaire, 2007<br \/>\nISBN 2-9514322-1-6<\/p>\n\t<div class=\"lightbox-wrapper\">\n\t\t<div class=\"lightbox-trigger\">\u00bb Feuilleter<\/div>\n\t\t<div class=\"lightbox-container\" data-background=\"#000\" style=\"display: none;\">\n\t\t\t<div class=\"lightbox-overlay\"><\/div>\n\t\t\t<div class=\"lightbox-content orientation-horizontal\">\n\t\t\t\t<span class=\"lightbox-close\">\u00d7<\/span>\n\t\t\t\t<div class=\"lightbox-image-container\">\n\t\t\t\t\t<img\n\t\t\t\t\tclass=\"lightbox-image non-selectable\"\n\t\t\t\t\tdata-index=\"0\"\n\t\t\t\t\tsrc=\"\"\n\t\t\t\t\tdata-src=\"https:\/\/luciaguanaes.com\/pt\/wp-content\/uploads\/2025\/05\/01_transfigurations-catalogue-expo-photo-lucia-guanaes-editions-tout-pour-plaire-isbn-2-9514322-1-6-02-topaz-text-shapes-2x.jpeg\"\n\t\t\t\t\talt=\"Page 1\"\n\t\t\t\t\tloading=\"lazy\"\n\t\t\t\t\/><img\n\t\t\t\t\tclass=\"lightbox-image non-selectable\"\n\t\t\t\t\tdata-index=\"1\"\n\t\t\t\t\tsrc=\"\"\n\t\t\t\t\tdata-src=\"https:\/\/luciaguanaes.com\/pt\/wp-content\/uploads\/2025\/05\/02_transfigurations-catalogue-expo-photo-lucia-guanaes-editions-tout-pour-plaire-isbn-2-9514322-1-6-03-topaz-text-shapes-2x.jpeg\"\n\t\t\t\t\talt=\"Page 2\"\n\t\t\t\t\tloading=\"lazy\"\n\t\t\t\t\/><img\n\t\t\t\t\tclass=\"lightbox-image non-selectable\"\n\t\t\t\t\tdata-index=\"2\"\n\t\t\t\t\tsrc=\"\"\n\t\t\t\t\tdata-src=\"https:\/\/luciaguanaes.com\/pt\/wp-content\/uploads\/2025\/05\/03_transfigurations-catalogue-expo-photo-lucia-guanaes-editions-tout-pour-plaire-isbn-2-9514322-1-6-01-topaz-text-shapes-2x.jpeg\"\n\t\t\t\t\talt=\"Page 3\"\n\t\t\t\t\tloading=\"lazy\"\n\t\t\t\t\/>\t\t\t\t<\/div>\n\t\t\t\t<div class=\"lightbox-pagination\"><\/div>\n\t\t\t<\/div>\n\t\t<\/div>\n\t<\/div>\n\t<\/div><\/div><div class=\"item-liste\"><div class=\"item-image vertical\"><img decoding=\"async\" src=\"https:\/\/luciaguanaes.com\/pt\/wp-content\/uploads\/2025\/05\/Au-coeur-de-Bahia-cd-rom-lucia-guanaes-marc-dumas-olaf-avenati_couverture-383x460.jpg\" alt=\"\"><\/div><div class=\"item-notice\"><h2 style=\"font-weight: 400\"><strong>AU C\u0152UR DE BAHIA<\/strong><\/h2>\n<p style=\"font-weight: 400\"><strong>CD-Rom<\/strong><br \/>\nDire\u00e7\u00e3o de projeto e fotografias: Lucia Guanaes<br \/>\nDire\u00e7\u00e3o art\u00edstica: Marc Dumas<br \/>\nConcep\u00e7\u00e3o: Olaf Avenati, Marc Dumas e Lucia Guanaes<br \/>\nTextos: M. A. de Filgueiras Gomes,<br \/>\nLuiz A. Fernandes Cardoso e Lucia Guanaes<br \/>\nEd. Tout pour Plaire, 2000<br \/>\nISBN 978-2-9514322-0-8<br \/>\n<strong>[esgotado]<\/strong><\/p>\n\t<div class=\"lightbox-wrapper\">\n\t\t<div class=\"lightbox-trigger\">\u00bb Feuilleter<\/div>\n\t\t<div class=\"lightbox-container\" data-background=\"#000\" style=\"display: none;\">\n\t\t\t<div class=\"lightbox-overlay\"><\/div>\n\t\t\t<div class=\"lightbox-content orientation-horizontal\">\n\t\t\t\t<span class=\"lightbox-close\">\u00d7<\/span>\n\t\t\t\t<div class=\"lightbox-image-container\">\n\t\t\t\t\t<img\n\t\t\t\t\tclass=\"lightbox-image non-selectable\"\n\t\t\t\t\tdata-index=\"0\"\n\t\t\t\t\tsrc=\"\"\n\t\t\t\t\tdata-src=\"https:\/\/luciaguanaes.com\/pt\/wp-content\/uploads\/2025\/05\/au-coeur-de-bahia-cd-rom-lucia-guanaes-marc-dumas-olaf-avenati-01.jpg\"\n\t\t\t\t\talt=\"Page 1\"\n\t\t\t\t\tloading=\"lazy\"\n\t\t\t\t\/><img\n\t\t\t\t\tclass=\"lightbox-image non-selectable\"\n\t\t\t\t\tdata-index=\"1\"\n\t\t\t\t\tsrc=\"\"\n\t\t\t\t\tdata-src=\"https:\/\/luciaguanaes.com\/pt\/wp-content\/uploads\/2025\/05\/au-coeur-de-bahia-cd-rom-lucia-guanaes-marc-dumas-olaf-avenati-02.jpg\"\n\t\t\t\t\talt=\"Page 2\"\n\t\t\t\t\tloading=\"lazy\"\n\t\t\t\t\/><img\n\t\t\t\t\tclass=\"lightbox-image non-selectable\"\n\t\t\t\t\tdata-index=\"2\"\n\t\t\t\t\tsrc=\"\"\n\t\t\t\t\tdata-src=\"https:\/\/luciaguanaes.com\/pt\/wp-content\/uploads\/2025\/05\/au-coeur-de-bahia-cd-rom-lucia-guanaes-marc-dumas-olaf-avenati-03.jpg\"\n\t\t\t\t\talt=\"Page 3\"\n\t\t\t\t\tloading=\"lazy\"\n\t\t\t\t\/><img\n\t\t\t\t\tclass=\"lightbox-image non-selectable\"\n\t\t\t\t\tdata-index=\"3\"\n\t\t\t\t\tsrc=\"\"\n\t\t\t\t\tdata-src=\"https:\/\/luciaguanaes.com\/pt\/wp-content\/uploads\/2025\/05\/au-coeur-de-bahia-cd-rom-lucia-guanaes-marc-dumas-olaf-avenati-04.jpg\"\n\t\t\t\t\talt=\"Page 4\"\n\t\t\t\t\tloading=\"lazy\"\n\t\t\t\t\/><img\n\t\t\t\t\tclass=\"lightbox-image non-selectable\"\n\t\t\t\t\tdata-index=\"4\"\n\t\t\t\t\tsrc=\"\"\n\t\t\t\t\tdata-src=\"https:\/\/luciaguanaes.com\/pt\/wp-content\/uploads\/2025\/05\/au-coeur-de-bahia-cd-rom-lucia-guanaes-marc-dumas-olaf-avenati-05.jpg\"\n\t\t\t\t\talt=\"Page 5\"\n\t\t\t\t\tloading=\"lazy\"\n\t\t\t\t\/><img\n\t\t\t\t\tclass=\"lightbox-image non-selectable\"\n\t\t\t\t\tdata-index=\"5\"\n\t\t\t\t\tsrc=\"\"\n\t\t\t\t\tdata-src=\"https:\/\/luciaguanaes.com\/pt\/wp-content\/uploads\/2025\/05\/au-coeur-de-bahia-cd-rom-lucia-guanaes-marc-dumas-olaf-avenati-06.jpg\"\n\t\t\t\t\talt=\"Page 6\"\n\t\t\t\t\tloading=\"lazy\"\n\t\t\t\t\/><img\n\t\t\t\t\tclass=\"lightbox-image non-selectable\"\n\t\t\t\t\tdata-index=\"6\"\n\t\t\t\t\tsrc=\"\"\n\t\t\t\t\tdata-src=\"https:\/\/luciaguanaes.com\/pt\/wp-content\/uploads\/2025\/05\/au-coeur-de-bahia-cd-rom-lucia-guanaes-marc-dumas-olaf-avenati-07.jpg\"\n\t\t\t\t\talt=\"Page 7\"\n\t\t\t\t\tloading=\"lazy\"\n\t\t\t\t\/><img\n\t\t\t\t\tclass=\"lightbox-image non-selectable\"\n\t\t\t\t\tdata-index=\"7\"\n\t\t\t\t\tsrc=\"\"\n\t\t\t\t\tdata-src=\"https:\/\/luciaguanaes.com\/pt\/wp-content\/uploads\/2025\/05\/au-coeur-de-bahia-cd-rom-lucia-guanaes-marc-dumas-olaf-avenati-08.jpg\"\n\t\t\t\t\talt=\"Page 8\"\n\t\t\t\t\tloading=\"lazy\"\n\t\t\t\t\/><img\n\t\t\t\t\tclass=\"lightbox-image non-selectable\"\n\t\t\t\t\tdata-index=\"8\"\n\t\t\t\t\tsrc=\"\"\n\t\t\t\t\tdata-src=\"https:\/\/luciaguanaes.com\/pt\/wp-content\/uploads\/2025\/05\/au-coeur-de-bahia-cd-rom-lucia-guanaes-marc-dumas-olaf-avenati-09.jpg\"\n\t\t\t\t\talt=\"Page 9\"\n\t\t\t\t\tloading=\"lazy\"\n\t\t\t\t\/><img\n\t\t\t\t\tclass=\"lightbox-image non-selectable\"\n\t\t\t\t\tdata-index=\"9\"\n\t\t\t\t\tsrc=\"\"\n\t\t\t\t\tdata-src=\"https:\/\/luciaguanaes.com\/pt\/wp-content\/uploads\/2025\/05\/au-coeur-de-bahia-cd-rom-lucia-guanaes-marc-dumas-olaf-avenati-10.jpg\"\n\t\t\t\t\talt=\"Page 10\"\n\t\t\t\t\tloading=\"lazy\"\n\t\t\t\t\/><img\n\t\t\t\t\tclass=\"lightbox-image non-selectable\"\n\t\t\t\t\tdata-index=\"10\"\n\t\t\t\t\tsrc=\"\"\n\t\t\t\t\tdata-src=\"https:\/\/luciaguanaes.com\/pt\/wp-content\/uploads\/2025\/05\/au-coeur-de-bahia-cd-rom-lucia-guanaes-marc-dumas-olaf-avenati-11.jpg\"\n\t\t\t\t\talt=\"Page 11\"\n\t\t\t\t\tloading=\"lazy\"\n\t\t\t\t\/><img\n\t\t\t\t\tclass=\"lightbox-image non-selectable\"\n\t\t\t\t\tdata-index=\"11\"\n\t\t\t\t\tsrc=\"\"\n\t\t\t\t\tdata-src=\"https:\/\/luciaguanaes.com\/pt\/wp-content\/uploads\/2025\/05\/au-coeur-de-bahia-cd-rom-lucia-guanaes-marc-dumas-olaf-avenati-12.jpg\"\n\t\t\t\t\talt=\"Page 12\"\n\t\t\t\t\tloading=\"lazy\"\n\t\t\t\t\/>\t\t\t\t<\/div>\n\t\t\t\t<div class=\"lightbox-pagination\"><\/div>\n\t\t\t<\/div>\n\t\t<\/div>\n\t<\/div>\n\t<\/div><\/div><div class=\"item-liste\"><div class=\"item-image vertical\"><img decoding=\"async\" src=\"https:\/\/luciaguanaes.com\/pt\/wp-content\/uploads\/2025\/05\/lucia-guanaes-marc-dumas-inventaire-poubelle-couverture-354x460.jpg\" alt=\"\"><\/div><div class=\"item-notice\"><h2 style=\"font-weight: 400\"><strong>INVENTAIRE D\u2019UNE POUBELLE<\/strong><\/h2>\n<p style=\"font-weight: 400\">Marc Dumas \/ Lucia Guanaes<br \/>\nFormato 30 x 23 cm, 72 paginas, 30 fotografias<br \/>\nImpress\u00e3o offset (bicromia)<br \/>\nTiragem 500 exemplares numerados e assinados<br \/>\nM\u00e9dia intimes, Ed. Tout pour Plaire, 1991<br \/>\nISBN 2-9505544-0-7<\/p>\n\t<div class=\"lightbox-wrapper\">\n\t\t<div class=\"lightbox-trigger\">\u00bb Feuilleter<\/div>\n\t\t<div class=\"lightbox-container\" data-background=\"#000\" style=\"display: none;\">\n\t\t\t<div class=\"lightbox-overlay\"><\/div>\n\t\t\t<div class=\"lightbox-content orientation-horizontal\">\n\t\t\t\t<span class=\"lightbox-close\">\u00d7<\/span>\n\t\t\t\t<div class=\"lightbox-image-container\">\n\t\t\t\t\t<img\n\t\t\t\t\tclass=\"lightbox-image non-selectable\"\n\t\t\t\t\tdata-index=\"0\"\n\t\t\t\t\tsrc=\"\"\n\t\t\t\t\tdata-src=\"https:\/\/luciaguanaes.com\/pt\/wp-content\/uploads\/2025\/05\/01_inventaire-d-une-poubelle-livre-marc-dumas-lucia-guanaes-editions-tout-pour-plaire-isbn-2-9505544-0-7-02-topaz-text-shapes-2x.jpeg\"\n\t\t\t\t\talt=\"Page 1\"\n\t\t\t\t\tloading=\"lazy\"\n\t\t\t\t\/><img\n\t\t\t\t\tclass=\"lightbox-image non-selectable\"\n\t\t\t\t\tdata-index=\"1\"\n\t\t\t\t\tsrc=\"\"\n\t\t\t\t\tdata-src=\"https:\/\/luciaguanaes.com\/pt\/wp-content\/uploads\/2025\/05\/02_inventaire-d-une-poubelle-livre-marc-dumas-lucia-guanaes-editions-tout-pour-plaire-isbn-2-9505544-0-7-01-topaz-text-shapes-2x.jpeg\"\n\t\t\t\t\talt=\"Page 2\"\n\t\t\t\t\tloading=\"lazy\"\n\t\t\t\t\/><img\n\t\t\t\t\tclass=\"lightbox-image non-selectable\"\n\t\t\t\t\tdata-index=\"2\"\n\t\t\t\t\tsrc=\"\"\n\t\t\t\t\tdata-src=\"https:\/\/luciaguanaes.com\/pt\/wp-content\/uploads\/2025\/05\/03_inventaire-d-une-poubelle-livre-marc-dumas-lucia-guanaes-editions-tout-pour-plaire-isbn-2-9505544-0-7-03-topaz-text-shapes-2x.jpeg\"\n\t\t\t\t\talt=\"Page 3\"\n\t\t\t\t\tloading=\"lazy\"\n\t\t\t\t\/><img\n\t\t\t\t\tclass=\"lightbox-image non-selectable\"\n\t\t\t\t\tdata-index=\"3\"\n\t\t\t\t\tsrc=\"\"\n\t\t\t\t\tdata-src=\"https:\/\/luciaguanaes.com\/pt\/wp-content\/uploads\/2025\/05\/04_inventaire-d-une-poubelle-livre-marc-dumas-lucia-guanaes-editions-tout-pour-plaire-isbn-2-9505544-0-7-04-topaz-text-shapes-2x.jpeg\"\n\t\t\t\t\talt=\"Page 4\"\n\t\t\t\t\tloading=\"lazy\"\n\t\t\t\t\/><img\n\t\t\t\t\tclass=\"lightbox-image non-selectable\"\n\t\t\t\t\tdata-index=\"4\"\n\t\t\t\t\tsrc=\"\"\n\t\t\t\t\tdata-src=\"https:\/\/luciaguanaes.com\/pt\/wp-content\/uploads\/2025\/05\/05_inventaire-d-une-poubelle-livre-marc-dumas-lucia-guanaes-editions-tout-pour-plaire-isbn-2-9505544-0-7-05-topaz-text-shapes-2x.jpeg\"\n\t\t\t\t\talt=\"Page 5\"\n\t\t\t\t\tloading=\"lazy\"\n\t\t\t\t\/>\t\t\t\t<\/div>\n\t\t\t\t<div class=\"lightbox-pagination\"><\/div>\n\t\t\t<\/div>\n\t\t<\/div>\n\t<\/div>\n\t<\/div><\/div><div class=\"item-liste\"><div class=\"item-image carre\"><img decoding=\"async\" src=\"https:\/\/luciaguanaes.com\/pt\/wp-content\/uploads\/2025\/05\/lucia-guanaes-livre-Brasil-Bresil-couverture-isbn-2862340200-444x411.jpg\" alt=\"\"><\/div><div class=\"item-notice\"><h2 style=\"font-weight: 400\"><strong>BRASIL-BR\u00c9SIL<\/strong><\/h2>\n<p style=\"font-weight: 400\">Edi\u00e7\u00e3o bilingue franc\u00eas \/ portugu\u00eas<br \/>\nPrefacio: Pedro Vasquez<br \/>\nFormato 24 x 22 cm, 118 paginas, 52 fotografias<br \/>\nImpress\u00e3o offset<br \/>\n\u00c9ditions Marval, Paris, 1988<br \/>\nISBN 2-86234-020-0<br \/>\n<strong>[esgotado]<\/strong><\/p>\n\t<div class=\"lightbox-wrapper\">\n\t\t<div class=\"lightbox-trigger\">\u00bb Feuilleter<\/div>\n\t\t<div class=\"lightbox-container\" data-background=\"#000\" style=\"display: none;\">\n\t\t\t<div class=\"lightbox-overlay\"><\/div>\n\t\t\t<div class=\"lightbox-content orientation-horizontal\">\n\t\t\t\t<span class=\"lightbox-close\">\u00d7<\/span>\n\t\t\t\t<div class=\"lightbox-image-container\">\n\t\t\t\t\t<img\n\t\t\t\t\tclass=\"lightbox-image non-selectable\"\n\t\t\t\t\tdata-index=\"0\"\n\t\t\t\t\tsrc=\"\"\n\t\t\t\t\tdata-src=\"https:\/\/luciaguanaes.com\/pt\/wp-content\/uploads\/2025\/05\/lucia-guanaes-Brasil-Bresil-p034-35.jpg\"\n\t\t\t\t\talt=\"Page 1\"\n\t\t\t\t\tloading=\"lazy\"\n\t\t\t\t\/><img\n\t\t\t\t\tclass=\"lightbox-image non-selectable\"\n\t\t\t\t\tdata-index=\"1\"\n\t\t\t\t\tsrc=\"\"\n\t\t\t\t\tdata-src=\"https:\/\/luciaguanaes.com\/pt\/wp-content\/uploads\/2025\/05\/Lucia-guanaes-livre-Brasil-Bresil-p042-43.jpg\"\n\t\t\t\t\talt=\"Page 2\"\n\t\t\t\t\tloading=\"lazy\"\n\t\t\t\t\/><img\n\t\t\t\t\tclass=\"lightbox-image non-selectable\"\n\t\t\t\t\tdata-index=\"2\"\n\t\t\t\t\tsrc=\"\"\n\t\t\t\t\tdata-src=\"https:\/\/luciaguanaes.com\/pt\/wp-content\/uploads\/2025\/05\/lucia-guanaes-livre-Brasil-Bresil-p066-67.jpg\"\n\t\t\t\t\talt=\"Page 3\"\n\t\t\t\t\tloading=\"lazy\"\n\t\t\t\t\/><img\n\t\t\t\t\tclass=\"lightbox-image non-selectable\"\n\t\t\t\t\tdata-index=\"3\"\n\t\t\t\t\tsrc=\"\"\n\t\t\t\t\tdata-src=\"https:\/\/luciaguanaes.com\/pt\/wp-content\/uploads\/2025\/05\/lucia-guanaes-livre-Brasil-Bresil-p076-77.jpg\"\n\t\t\t\t\talt=\"Page 4\"\n\t\t\t\t\tloading=\"lazy\"\n\t\t\t\t\/><img\n\t\t\t\t\tclass=\"lightbox-image non-selectable\"\n\t\t\t\t\tdata-index=\"4\"\n\t\t\t\t\tsrc=\"\"\n\t\t\t\t\tdata-src=\"https:\/\/luciaguanaes.com\/pt\/wp-content\/uploads\/2025\/05\/lucia-guanaes-livre-Brasil-Bresil-p092-93.jpg\"\n\t\t\t\t\talt=\"Page 5\"\n\t\t\t\t\tloading=\"lazy\"\n\t\t\t\t\/><img\n\t\t\t\t\tclass=\"lightbox-image non-selectable\"\n\t\t\t\t\tdata-index=\"5\"\n\t\t\t\t\tsrc=\"\"\n\t\t\t\t\tdata-src=\"https:\/\/luciaguanaes.com\/pt\/wp-content\/uploads\/2025\/05\/lucia-guanaes-livre-Brasil-Bresil-p106-107.jpg\"\n\t\t\t\t\talt=\"Page 6\"\n\t\t\t\t\tloading=\"lazy\"\n\t\t\t\t\/><img\n\t\t\t\t\tclass=\"lightbox-image non-selectable\"\n\t\t\t\t\tdata-index=\"6\"\n\t\t\t\t\tsrc=\"\"\n\t\t\t\t\tdata-src=\"https:\/\/luciaguanaes.com\/pt\/wp-content\/uploads\/2025\/05\/Lucia-guanaes-livre-Brasil-Bresil-p112-113.jpg\"\n\t\t\t\t\talt=\"Page 7\"\n\t\t\t\t\tloading=\"lazy\"\n\t\t\t\t\/>\t\t\t\t<\/div>\n\t\t\t\t<div class=\"lightbox-pagination\"><\/div>\n\t\t\t<\/div>\n\t\t<\/div>\n\t<\/div>\n\t<\/div><\/div><\/div>\n","protected":false},"excerpt":{"rendered":"","protected":false},"author":3,"featured_media":0,"parent":2089,"menu_order":0,"comment_status":"open","ping_status":"open","template":"page-informations-curriculum.php","meta":{"_acf_changed":false,"footnotes":""},"categories":[],"tags":[],"class_list":["post-6960","page","type-page","status-publish","hentry"],"acf":[],"_links":{"self":[{"href":"https:\/\/luciaguanaes.com\/pt\/wp-json\/wp\/v2\/pages\/6960","targetHints":{"allow":["GET"]}}],"collection":[{"href":"https:\/\/luciaguanaes.com\/pt\/wp-json\/wp\/v2\/pages"}],"about":[{"href":"https:\/\/luciaguanaes.com\/pt\/wp-json\/wp\/v2\/types\/page"}],"author":[{"embeddable":true,"href":"https:\/\/luciaguanaes.com\/pt\/wp-json\/wp\/v2\/users\/3"}],"replies":[{"embeddable":true,"href":"https:\/\/luciaguanaes.com\/pt\/wp-json\/wp\/v2\/comments?post=6960"}],"version-history":[{"count":3,"href":"https:\/\/luciaguanaes.com\/pt\/wp-json\/wp\/v2\/pages\/6960\/revisions"}],"predecessor-version":[{"id":7120,"href":"https:\/\/luciaguanaes.com\/pt\/wp-json\/wp\/v2\/pages\/6960\/revisions\/7120"}],"up":[{"embeddable":true,"href":"https:\/\/luciaguanaes.com\/pt\/wp-json\/wp\/v2\/pages\/2089"}],"wp:attachment":[{"href":"https:\/\/luciaguanaes.com\/pt\/wp-json\/wp\/v2\/media?parent=6960"}],"wp:term":[{"taxonomy":"category","embeddable":true,"href":"https:\/\/luciaguanaes.com\/pt\/wp-json\/wp\/v2\/categories?post=6960"},{"taxonomy":"post_tag","embeddable":true,"href":"https:\/\/luciaguanaes.com\/pt\/wp-json\/wp\/v2\/tags?post=6960"}],"curies":[{"name":"wp","href":"https:\/\/api.w.org\/{rel}","templated":true}]}}