{"id":6839,"date":"2025-04-15T10:18:08","date_gmt":"2025-04-15T09:18:08","guid":{"rendered":"https:\/\/luciaguanaes.com\/pt\/?page_id=6839"},"modified":"2025-05-19T19:06:58","modified_gmt":"2025-05-19T18:06:58","slug":"texte","status":"publish","type":"page","link":"https:\/\/luciaguanaes.com\/pt\/ensaios\/exile-city\/texte\/","title":{"rendered":"texte"},"content":{"rendered":"<p>O DESEJO DE UMA CIDADE<\/p>\n<p>Exile City \u00e9 uma cidade gen\u00e9rica, resultado da justaposi\u00e7\u00e3o de imagens tiradas nas tr\u00eas cidades que fazem parte da minha hist\u00f3ria pessoal: S\u00e3o Paulo, Paris e Salvador.<\/p>\n<p>S\u00e3o Paulo \u00e9 minha cidade natal, onde vivi at\u00e9 os 22 anos; Paris \u00e9 a cidade que escolhi quando decidi deixar o Brasil; e por fim, Salvador \u00e9 onde aconteceu a maioria dos meus projetos como fot\u00f3grafa.<\/p>\n<p>\u00c9 assim que lugares de ambos os lados do Atl\u00e2ntico se unem para formar um \u00fanico espa\u00e7o urbano: Exile City. Os tempos se fundem, os espa\u00e7os se confundem. A mem\u00f3ria preenche o inevit\u00e1vel apagamento dos lugares.<br \/>\nTudo se torna UM.<\/p>\n<p>[L.G.]<\/p>\n","protected":false},"excerpt":{"rendered":"<p>O DESEJO DE UMA CIDADE Exile City \u00e9 uma cidade gen\u00e9rica, resultado da justaposi\u00e7\u00e3o de imagens tiradas nas tr\u00eas cidades que fazem parte da minha hist\u00f3ria pessoal: S\u00e3o Paulo, Paris e Salvador. S\u00e3o Paulo \u00e9 minha cidade natal, onde vivi at\u00e9 os 22 anos; Paris \u00e9 a cidade que escolhi quando decidi deixar o Brasil; [&hellip;]<\/p>\n","protected":false},"author":3,"featured_media":6841,"parent":6838,"menu_order":0,"comment_status":"open","ping_status":"open","template":"page-texte-serie-photo.php","meta":{"_acf_changed":false,"footnotes":""},"categories":[],"tags":[],"class_list":["post-6839","page","type-page","status-publish","has-post-thumbnail","hentry"],"acf":[],"_links":{"self":[{"href":"https:\/\/luciaguanaes.com\/pt\/wp-json\/wp\/v2\/pages\/6839","targetHints":{"allow":["GET"]}}],"collection":[{"href":"https:\/\/luciaguanaes.com\/pt\/wp-json\/wp\/v2\/pages"}],"about":[{"href":"https:\/\/luciaguanaes.com\/pt\/wp-json\/wp\/v2\/types\/page"}],"author":[{"embeddable":true,"href":"https:\/\/luciaguanaes.com\/pt\/wp-json\/wp\/v2\/users\/3"}],"replies":[{"embeddable":true,"href":"https:\/\/luciaguanaes.com\/pt\/wp-json\/wp\/v2\/comments?post=6839"}],"version-history":[{"count":3,"href":"https:\/\/luciaguanaes.com\/pt\/wp-json\/wp\/v2\/pages\/6839\/revisions"}],"predecessor-version":[{"id":7095,"href":"https:\/\/luciaguanaes.com\/pt\/wp-json\/wp\/v2\/pages\/6839\/revisions\/7095"}],"up":[{"embeddable":true,"href":"https:\/\/luciaguanaes.com\/pt\/wp-json\/wp\/v2\/pages\/6838"}],"wp:featuredmedia":[{"embeddable":true,"href":"https:\/\/luciaguanaes.com\/pt\/wp-json\/wp\/v2\/media\/6841"}],"wp:attachment":[{"href":"https:\/\/luciaguanaes.com\/pt\/wp-json\/wp\/v2\/media?parent=6839"}],"wp:term":[{"taxonomy":"category","embeddable":true,"href":"https:\/\/luciaguanaes.com\/pt\/wp-json\/wp\/v2\/categories?post=6839"},{"taxonomy":"post_tag","embeddable":true,"href":"https:\/\/luciaguanaes.com\/pt\/wp-json\/wp\/v2\/tags?post=6839"}],"curies":[{"name":"wp","href":"https:\/\/api.w.org\/{rel}","templated":true}]}}