{"id":6572,"date":"2022-10-09T20:54:53","date_gmt":"2022-10-09T19:54:53","guid":{"rendered":"http:\/\/luciaguanaes.com\/pt\/?page_id=6572"},"modified":"2022-10-13T09:05:53","modified_gmt":"2022-10-13T08:05:53","slug":"texte","status":"publish","type":"page","link":"https:\/\/luciaguanaes.com\/pt\/ensaios\/regenerations\/texte\/","title":{"rendered":"texte"},"content":{"rendered":"<p>O projeto (<em>Re)g\u00e9n\u00e9rations<\/em> foi realizado no \u00e2mbito da resid\u00eancia art\u00edstica <em>Les Hivernants<\/em>, organizada pelo Parque Nacional de Port Cros, situado no sul da Fran\u00e7a, na regi\u00e3o da C\u00f4te-Azur.<br \/>\nLucia Guanaes foi convidada a realizar um ensaio visual sobre o Domaine du Cap Lardier, maci\u00e7o florestal protegido pela lei, com alta frequenta\u00e7\u00e3o tur\u00edstica durante o ver\u00e3o, e que foi completamente destru\u00eddo por um inc\u00eandio em julho de 2017.<\/p>\n<p>\u201cMeu objetivo n\u00e3o era documentar os estragos do fogo ou a resili\u00eancia da floresta, pois este trabalho j\u00e1 estava sendo realizado pelo Observat\u00f3rio Fotogr\u00e1fico do Domaine du Cap Lardier. Meu desejo era resgatar a floresta que existe em nosso imagin\u00e1rio coletivo \u2013 que nos vem tanto da nossa inf\u00e2ncia (contos de fadas) quanto da inf\u00e2ncia do Homem \u2013 e assim expressar o sentimento de perda diante da destrui\u00e7\u00e3o da floresta, diante da morte de uma \u00e1rvore\u201d.<\/p>\n<p>Esse ensaio foi organizado em duas s\u00e9ries. A primeira, centrada nas cicatrizes deixadas pelo fogo, foi produzida em preto e branco durante o outono de 2019 e resultou em uma exposi\u00e7\u00e3o intitulada <em>Mem\u00f3rias do Fogo<\/em>, apresentada no Domaine du Rayol (<a href=\"http:\/\/www.domainedurayol.org\/\">www.domainedurayol.org<\/a>) em 2020. A segunda, centrada no renascimento da floresta, foi produzida em cores durante a primavera de 2020 e deu origem a uma mostra itinerante intitulada <em>(Re)g\u00e9n\u00e9rations au Cap Lardier<\/em>, exibida pela primeira vez em La Croix Valmer, cidadezinha lim\u00edtrofe ao Cap Lardier.<\/p>\n<p>&#8220;Se eu tivesse que descrever o trabalho de Lucia, falaria desse &#8216;olho&#8217; que ela tem para desenterrar no meio do caos essas esculturas t\u00e3o particulares, essa alma que habita os mortos e os vivos. Acho incr\u00edvel trazer \u00e0 tona de uma forma bonita algo que poderia parecer t\u00e3o triste ou t\u00e3o feio. Para mim, \u00e9 como se estivesse descobrindo um mundo que encontro cotidianamente e que me escapa. Quando exibido pela artista, \u00e9 transcendido, transmutado em outro mundo que a artista capturou. Isso \u00e9 arte, certo? Mostrar-nos, sem enganar o que n\u00e3o vemos. \u00bb (Pierre Lacosse, guarda florestal do Parque Nacional Port-Cros, setor Cap Lardier).<\/p>\n","protected":false},"excerpt":{"rendered":"<p>O projeto (Re)g\u00e9n\u00e9rations foi realizado no \u00e2mbito da resid\u00eancia art\u00edstica Les Hivernants, organizada pelo Parque Nacional de Port Cros, situado no sul da Fran\u00e7a, na regi\u00e3o da C\u00f4te-Azur. Lucia Guanaes foi convidada a realizar um ensaio visual sobre o Domaine du Cap Lardier, maci\u00e7o florestal protegido pela lei, com alta frequenta\u00e7\u00e3o tur\u00edstica durante o ver\u00e3o, [&hellip;]<\/p>\n","protected":false},"author":1,"featured_media":6670,"parent":6570,"menu_order":0,"comment_status":"open","ping_status":"open","template":"page-texte-serie-photo.php","meta":{"_acf_changed":false,"footnotes":""},"categories":[],"tags":[],"class_list":["post-6572","page","type-page","status-publish","has-post-thumbnail","hentry"],"acf":[],"_links":{"self":[{"href":"https:\/\/luciaguanaes.com\/pt\/wp-json\/wp\/v2\/pages\/6572","targetHints":{"allow":["GET"]}}],"collection":[{"href":"https:\/\/luciaguanaes.com\/pt\/wp-json\/wp\/v2\/pages"}],"about":[{"href":"https:\/\/luciaguanaes.com\/pt\/wp-json\/wp\/v2\/types\/page"}],"author":[{"embeddable":true,"href":"https:\/\/luciaguanaes.com\/pt\/wp-json\/wp\/v2\/users\/1"}],"replies":[{"embeddable":true,"href":"https:\/\/luciaguanaes.com\/pt\/wp-json\/wp\/v2\/comments?post=6572"}],"version-history":[{"count":5,"href":"https:\/\/luciaguanaes.com\/pt\/wp-json\/wp\/v2\/pages\/6572\/revisions"}],"predecessor-version":[{"id":6768,"href":"https:\/\/luciaguanaes.com\/pt\/wp-json\/wp\/v2\/pages\/6572\/revisions\/6768"}],"up":[{"embeddable":true,"href":"https:\/\/luciaguanaes.com\/pt\/wp-json\/wp\/v2\/pages\/6570"}],"wp:featuredmedia":[{"embeddable":true,"href":"https:\/\/luciaguanaes.com\/pt\/wp-json\/wp\/v2\/media\/6670"}],"wp:attachment":[{"href":"https:\/\/luciaguanaes.com\/pt\/wp-json\/wp\/v2\/media?parent=6572"}],"wp:term":[{"taxonomy":"category","embeddable":true,"href":"https:\/\/luciaguanaes.com\/pt\/wp-json\/wp\/v2\/categories?post=6572"},{"taxonomy":"post_tag","embeddable":true,"href":"https:\/\/luciaguanaes.com\/pt\/wp-json\/wp\/v2\/tags?post=6572"}],"curies":[{"name":"wp","href":"https:\/\/api.w.org\/{rel}","templated":true}]}}