{"id":6265,"date":"2014-08-17T15:21:55","date_gmt":"2014-08-17T14:21:55","guid":{"rendered":"http:\/\/luciaguanaes.com\/pt\/?page_id=6265"},"modified":"2014-08-17T15:29:19","modified_gmt":"2014-08-17T14:29:19","slug":"texte","status":"publish","type":"page","link":"https:\/\/luciaguanaes.com\/pt\/ensaios\/popular\/texte\/","title":{"rendered":"texte"},"content":{"rendered":"<p>Passeando nos mercados populares de Salvador, fica-se impressionado com a criatividade desmedida utilizada para seduzir o cidad\u00e3o. \u00c9 uma festa de cores e formas em total oposi\u00e7\u00e3o \u00e0 organiza\u00e7\u00e3o funcionalista dos hipermercados e shopping centers, onde todos os produtos s\u00e3o calibrados, industrializados e apresentados em mobili\u00e1rio padronizado.<\/p>\n<p>Aqui, a \u00c1frica \u00e9 onipresente. Objetos, instrumentos e ingredientes parecem bem misteriosos. Uma mesma barraca exibe desordenadamente, em um tabuleiro vacilante mas cal\u00e7ado com cuidado, pe\u00e7as de artesanato e ervas medicinais&#8230; O retrato de Bob Marley ou de Jesus se encontra lado a lado com um ventilador <em>made in Hong Kong<\/em>. Tudo parece heterog\u00eaneo e incompat\u00edvel, e a l\u00f3gica de tal organiza\u00e7\u00e3o pode escapar a primeira vista. No entanto, tudo \u00e9 organizado, classificado e valorizado, em uma mistura sutil de cores, tamanhos e fun\u00e7\u00f5es&#8230;<\/p>\n<p>As paredes s\u00e3o pintadas regularmente, toalhinhas de croch\u00ea s\u00e3o utilizadas para dar destaque ao mostru\u00e1rio, e o empilhamento ou repeti\u00e7\u00e3o de um objeto se transformam em arte cin\u00e9tica&#8230; Pois trata-se de fato de uma <em>arte<\/em> da organiza\u00e7\u00e3o, uma verdadeira est\u00e9tica popular, que lembra de maneira irresist\u00edvel certas instala\u00e7\u00f5es de arte contempor\u00e2nea (Joseph Beuys, Christian Boltanski, etc.).<\/p>\n<p>Realizado em 2001, <em>Popular<\/em> \u00e9 o primeiro ensaio que fiz sobre as diferentes express\u00f5es visuais da cultura popular na cidade de Salvador, o segundo tendo sido <em>Alagados<\/em><em>, <\/em>conclu\u00eddo no ano seguinte no bairro de mesmo nome.<\/p>\n<h6><span style=\"color: #333333;\">\u2028Lucia Guanaes<\/span><\/h6>\n","protected":false},"excerpt":{"rendered":"<p>Passeando nos mercados populares de Salvador, fica-se impressionado com a criatividade desmedida utilizada para seduzir o cidad\u00e3o. \u00c9 uma festa de cores e formas em total oposi\u00e7\u00e3o \u00e0 organiza\u00e7\u00e3o funcionalista dos hipermercados e shopping centers, onde todos os produtos s\u00e3o calibrados, industrializados e apresentados em mobili\u00e1rio padronizado. Aqui, a \u00c1frica \u00e9 onipresente. Objetos, instrumentos e [&hellip;]<\/p>\n","protected":false},"author":3,"featured_media":5379,"parent":5172,"menu_order":0,"comment_status":"open","ping_status":"open","template":"page-texte-serie-photo.php","meta":{"_acf_changed":false,"footnotes":""},"categories":[],"tags":[],"class_list":["post-6265","page","type-page","status-publish","has-post-thumbnail","hentry"],"acf":[],"_links":{"self":[{"href":"https:\/\/luciaguanaes.com\/pt\/wp-json\/wp\/v2\/pages\/6265","targetHints":{"allow":["GET"]}}],"collection":[{"href":"https:\/\/luciaguanaes.com\/pt\/wp-json\/wp\/v2\/pages"}],"about":[{"href":"https:\/\/luciaguanaes.com\/pt\/wp-json\/wp\/v2\/types\/page"}],"author":[{"embeddable":true,"href":"https:\/\/luciaguanaes.com\/pt\/wp-json\/wp\/v2\/users\/3"}],"replies":[{"embeddable":true,"href":"https:\/\/luciaguanaes.com\/pt\/wp-json\/wp\/v2\/comments?post=6265"}],"version-history":[{"count":2,"href":"https:\/\/luciaguanaes.com\/pt\/wp-json\/wp\/v2\/pages\/6265\/revisions"}],"predecessor-version":[{"id":6267,"href":"https:\/\/luciaguanaes.com\/pt\/wp-json\/wp\/v2\/pages\/6265\/revisions\/6267"}],"up":[{"embeddable":true,"href":"https:\/\/luciaguanaes.com\/pt\/wp-json\/wp\/v2\/pages\/5172"}],"wp:featuredmedia":[{"embeddable":true,"href":"https:\/\/luciaguanaes.com\/pt\/wp-json\/wp\/v2\/media\/5379"}],"wp:attachment":[{"href":"https:\/\/luciaguanaes.com\/pt\/wp-json\/wp\/v2\/media?parent=6265"}],"wp:term":[{"taxonomy":"category","embeddable":true,"href":"https:\/\/luciaguanaes.com\/pt\/wp-json\/wp\/v2\/categories?post=6265"},{"taxonomy":"post_tag","embeddable":true,"href":"https:\/\/luciaguanaes.com\/pt\/wp-json\/wp\/v2\/tags?post=6265"}],"curies":[{"name":"wp","href":"https:\/\/api.w.org\/{rel}","templated":true}]}}