{"id":4894,"date":"2014-07-12T13:42:15","date_gmt":"2014-07-12T12:42:15","guid":{"rendered":"http:\/\/luciaguanaes.com\/pt\/?page_id=4894"},"modified":"2022-10-09T20:27:24","modified_gmt":"2022-10-09T19:27:24","slug":"texte","status":"publish","type":"page","link":"https:\/\/luciaguanaes.com\/pt\/ensaios\/limiares\/texte\/","title":{"rendered":"texte"},"content":{"rendered":"<p>Em 2018,\u00a0Lucia Guanaes, Luiza Baldan\u00a0e Nair Benedicto \u2013 tr\u00eas artistas conhecidas por seus trabalhos com a\u00a0fotogra\ufb01a \u2013 foram convidadas a realizar ensaios visuais sobre o<br \/>\nMASP\u00a0no\u00a0contexto das celebra\u00e7\u00f5es dos cinquenta anos do famoso edif\u00edcio idealizado por Lina Bo Bardi, inaugurado em\u00a07 de novembro de 1968.<br \/>\nLucia Guanaes optou por trabalhar a partir de tr\u00eas caracter\u00edsticas particularmente interessantes no projeto de museu de Lina:<br \/>\n&#8211; a permeabilidade entre o interior (o museu) e o exterior (a cidade) atrav\u00e9s das janelas, do vidro e da transpar\u00eancia;<br \/>\n&#8211; a justaposi\u00e7\u00e3o visual entre obras de arte e p\u00fablico criada pelo dispositivo dos cavaletes de cristal, onde as obras de arte acabam se confundindo com os visitantes do museu;<br \/>\n&#8211; a organiza\u00e7\u00e3o espacial altamente simb\u00f3lica, tendo em sua parte inferior o <strong>v\u00e3o livre<\/strong> \u2013 a rua, o espa\u00e7o p\u00fablico, a cultura popular \u2013, em sua parte superior o museu, a arte e a cultura erudita, e no centro uma imponente escada ligando as duas esferas.<\/p>\n<p>\u201cLimiares, t\u00edtulo escolhido pela artista, pode significar tanto passagem quanto interrup\u00e7\u00e3o.<br \/>\nInteressada pela representa\u00e7\u00e3o do espa\u00e7o nas duas dimens\u00f5es da fotografia, Guanaes produz em seu trabalho quadros rigorosos, cujo vazio \u2013 assim como o v\u00e3o livre do MASP\u00a0\u2013 sustenta lugares pontuados por personagens: transeuntes emergem est\u00e1ticos, solit\u00e1rios e silenciosos, o p\u00fablico do museu espera em fila para entrar, um funcion\u00e1rio passa aspirador retirando cacos de vidro entre os paralelep\u00edpedos do v\u00e3o, resqu\u00edcios de um evento do dia anterior. Letreiros, pixos, ve\u00edculos se exp\u00f5em sobre o museu, s\u00e3o postos em escala e rela\u00e7\u00e3o junto \u00e0s pinturas e esculturas e ao pr\u00f3prio edif\u00edcio. Esse exerc\u00edcio de tradu\u00e7\u00e3o rigorosa dos espa\u00e7os pela fotografia mostra o car\u00e1ter cenogr\u00e1fico da arquitetura, em resson\u00e2ncia com o MASP\u00a0de Lina. Dependendo da perspectiva do observador, o real e o teatral podem trocar de posi\u00e7\u00e3o.\u201d (Guilherme Giufrida, \u201cImagens do edif\u00edcio-cavalete\u00a0\u00bb in <em>O MASP de Lina<\/em>, 2019)<\/p>\n","protected":false},"excerpt":{"rendered":"<p>Em 2018,\u00a0Lucia Guanaes, Luiza Baldan\u00a0e Nair Benedicto \u2013 tr\u00eas artistas conhecidas por seus trabalhos com a\u00a0fotogra\ufb01a \u2013 foram convidadas a realizar ensaios visuais sobre o MASP\u00a0no\u00a0contexto das celebra\u00e7\u00f5es dos cinquenta anos do famoso edif\u00edcio idealizado por Lina Bo Bardi, inaugurado em\u00a07 de novembro de 1968. Lucia Guanaes optou por trabalhar a partir de tr\u00eas caracter\u00edsticas [&hellip;]<\/p>\n","protected":false},"author":1,"featured_media":6514,"parent":6511,"menu_order":0,"comment_status":"open","ping_status":"open","template":"page-texte-serie-photo.php","meta":{"_acf_changed":false,"footnotes":""},"categories":[],"tags":[],"class_list":["post-4894","page","type-page","status-publish","has-post-thumbnail","hentry"],"acf":[],"_links":{"self":[{"href":"https:\/\/luciaguanaes.com\/pt\/wp-json\/wp\/v2\/pages\/4894","targetHints":{"allow":["GET"]}}],"collection":[{"href":"https:\/\/luciaguanaes.com\/pt\/wp-json\/wp\/v2\/pages"}],"about":[{"href":"https:\/\/luciaguanaes.com\/pt\/wp-json\/wp\/v2\/types\/page"}],"author":[{"embeddable":true,"href":"https:\/\/luciaguanaes.com\/pt\/wp-json\/wp\/v2\/users\/1"}],"replies":[{"embeddable":true,"href":"https:\/\/luciaguanaes.com\/pt\/wp-json\/wp\/v2\/comments?post=4894"}],"version-history":[{"count":5,"href":"https:\/\/luciaguanaes.com\/pt\/wp-json\/wp\/v2\/pages\/4894\/revisions"}],"predecessor-version":[{"id":6559,"href":"https:\/\/luciaguanaes.com\/pt\/wp-json\/wp\/v2\/pages\/4894\/revisions\/6559"}],"up":[{"embeddable":true,"href":"https:\/\/luciaguanaes.com\/pt\/wp-json\/wp\/v2\/pages\/6511"}],"wp:featuredmedia":[{"embeddable":true,"href":"https:\/\/luciaguanaes.com\/pt\/wp-json\/wp\/v2\/media\/6514"}],"wp:attachment":[{"href":"https:\/\/luciaguanaes.com\/pt\/wp-json\/wp\/v2\/media?parent=4894"}],"wp:term":[{"taxonomy":"category","embeddable":true,"href":"https:\/\/luciaguanaes.com\/pt\/wp-json\/wp\/v2\/categories?post=4894"},{"taxonomy":"post_tag","embeddable":true,"href":"https:\/\/luciaguanaes.com\/pt\/wp-json\/wp\/v2\/tags?post=4894"}],"curies":[{"name":"wp","href":"https:\/\/api.w.org\/{rel}","templated":true}]}}