{"id":4888,"date":"2014-07-12T13:25:18","date_gmt":"2014-07-12T12:25:18","guid":{"rendered":"http:\/\/luciaguanaes.com\/pt\/?page_id=4888"},"modified":"2014-08-23T08:22:53","modified_gmt":"2014-08-23T07:22:53","slug":"texte","status":"publish","type":"page","link":"https:\/\/luciaguanaes.com\/pt\/ensaios\/morena-exotica\/texte\/","title":{"rendered":"texte"},"content":{"rendered":"<p>As fotografias de <em>Morena ex\u00f3tica<\/em><sup>1<\/sup> eram originalmente destinadas a ilustrar o livro <em>Sexo e<\/em><em> Mentiras<\/em> de Martine Vantses<sup>2<\/sup>, que reunia depoimentos de mulheres que procuravam um homem atrav\u00e9s de ag\u00eancias matrimoniais ou an\u00fancios classificados. Na \u00e9poca(1988) ainda n\u00e3o existia Internet nem as redes sociais.<\/p>\n<p>A ideia era publicar retratos das mulheres entrevistadas, mas era necess\u00e1rio preservar o seu anonimato. Ao inv\u00e9s de mostrar corpos sem rostos, eu preferi fotografar seus apartamentos. Eu n\u00e3o imaginava ent\u00e3o que o interior de uma casa pudesse a esse ponto revelar a personalidade, os gostos, h\u00e1bitos, profiss\u00e3o, classe social, etc. da sua propriet\u00e1ria. Posteriormente, esta experi\u00eancia me foi bastante \u00fatil em outros projetos como <em>Au c\u0153ur de Bahia<\/em> ou <em>Alagados<\/em>, onde os interiores s\u00e3o como retratos de seus habitantes.<\/p>\n<p>Finalmente, por raz\u00f5es editoriais, o livro de Martine Vantses foi publicado sem as imagens.<\/p>\n<h6>\u2028Lucia Guanaes<\/h6>\n        <div class=\"notes p\" ><div class=\"notes-filet\">&nbsp;<\/div>1 O t\u00edtulo da s\u00e9rie \u00e9 inspirado na ret\u00f3rica r\u00edgida dos an\u00fancios classificados que come\u00e7a invariavelmente com uma qualifica\u00e7\u00e3o da anunciante (<em>Morena ex\u00f3tica, Ruiva flamboyant, Bela loira, Mo\u00e7a s\u00e9ria<\/em>&#8230;) seguida da express\u00e3o <em>procura<\/em> ou <em>gostaria de encontrar<\/em>&#8230;, seguida da qualifica\u00e7\u00e3o do homem procurado.<br \/>\n2 Martine Vantses, <em>Sexo e<\/em><em> Mentiras<\/em>, \u00c9ditions Jodelle Losfeld, 1993.<\/div> <p style=\"display:none;\"> &nbsp; \n","protected":false},"excerpt":{"rendered":"<p>As fotografias de Morena ex\u00f3tica1 eram originalmente destinadas a ilustrar o livro Sexo e Mentiras de Martine Vantses2, que reunia depoimentos de mulheres que procuravam um homem atrav\u00e9s de ag\u00eancias matrimoniais ou an\u00fancios classificados. Na \u00e9poca(1988) ainda n\u00e3o existia Internet nem as redes sociais. A ideia era publicar retratos das mulheres entrevistadas, mas era necess\u00e1rio [&hellip;]<\/p>\n","protected":false},"author":1,"featured_media":6286,"parent":2171,"menu_order":0,"comment_status":"open","ping_status":"open","template":"page-texte-serie-photo.php","meta":{"_acf_changed":false,"footnotes":""},"categories":[],"tags":[],"class_list":["post-4888","page","type-page","status-publish","has-post-thumbnail","hentry"],"acf":[],"_links":{"self":[{"href":"https:\/\/luciaguanaes.com\/pt\/wp-json\/wp\/v2\/pages\/4888","targetHints":{"allow":["GET"]}}],"collection":[{"href":"https:\/\/luciaguanaes.com\/pt\/wp-json\/wp\/v2\/pages"}],"about":[{"href":"https:\/\/luciaguanaes.com\/pt\/wp-json\/wp\/v2\/types\/page"}],"author":[{"embeddable":true,"href":"https:\/\/luciaguanaes.com\/pt\/wp-json\/wp\/v2\/users\/1"}],"replies":[{"embeddable":true,"href":"https:\/\/luciaguanaes.com\/pt\/wp-json\/wp\/v2\/comments?post=4888"}],"version-history":[{"count":11,"href":"https:\/\/luciaguanaes.com\/pt\/wp-json\/wp\/v2\/pages\/4888\/revisions"}],"predecessor-version":[{"id":6314,"href":"https:\/\/luciaguanaes.com\/pt\/wp-json\/wp\/v2\/pages\/4888\/revisions\/6314"}],"up":[{"embeddable":true,"href":"https:\/\/luciaguanaes.com\/pt\/wp-json\/wp\/v2\/pages\/2171"}],"wp:featuredmedia":[{"embeddable":true,"href":"https:\/\/luciaguanaes.com\/pt\/wp-json\/wp\/v2\/media\/6286"}],"wp:attachment":[{"href":"https:\/\/luciaguanaes.com\/pt\/wp-json\/wp\/v2\/media?parent=4888"}],"wp:term":[{"taxonomy":"category","embeddable":true,"href":"https:\/\/luciaguanaes.com\/pt\/wp-json\/wp\/v2\/categories?post=4888"},{"taxonomy":"post_tag","embeddable":true,"href":"https:\/\/luciaguanaes.com\/pt\/wp-json\/wp\/v2\/tags?post=4888"}],"curies":[{"name":"wp","href":"https:\/\/api.w.org\/{rel}","templated":true}]}}