{"id":2211,"date":"2014-05-08T09:18:58","date_gmt":"2014-05-08T08:18:58","guid":{"rendered":"http:\/\/luciaguanaes.com\/pt\/?page_id=2211"},"modified":"2014-07-19T12:57:18","modified_gmt":"2014-07-19T11:57:18","slug":"texte","status":"publish","type":"page","link":"https:\/\/luciaguanaes.com\/pt\/ensaios\/paranapiacaba\/texte\/","title":{"rendered":"texte"},"content":{"rendered":"<p>Paranapiacaba \u2013 <em>lugar de onde se avista o mar<\/em> em Tupi-Guarani \u2013 fica a 50 km da cidade de S\u00e3o Paulo, na beira do planalto continental a 800 metros de altitude. O mar? Trata-se sem d\u00favida de uma piada ind\u00edgena pois nessa regi\u00e3o o encontro do ar marinho com a Serra do Mar (e consequentemente seu resfriamento) provocam uma espessa neblina tropical que impede de se ver a um palmo de dist\u00e2ncia.<\/p>\n<p>Paranapiacaba foi fundada em 1856 pela S\u00e3o Paulo Tramway Company, empresa inglesa respons\u00e1vel pela comercializa\u00e7\u00e3o da ferrovia que ligava as planta\u00e7\u00f5es de caf\u00e9 do interior do Estado de S\u00e3o Paulo ao porto de Santos. Aqui se encontrava a \u00faltima esta\u00e7\u00e3o situada em terreno plano; passageiros e mercadorias deviam fazer baldea\u00e7\u00e3o para o funicular que descia a serra em v\u00e1rios patamares sucessivos, numa viagem m\u00e1gica atrav\u00e9s da Floresta Atl\u00e2ntica \u2013 as \u00e1rvores gigantescas recobertas de cip\u00f3s e samambaias escondiam quase completamente a luz do dia \u2013 que terminava 800 metros abaixo na cidade de Santos.<\/p>\n<p>Com a constru\u00e7\u00e3o de v\u00e1rias autoestradas ligando S\u00e3o Paulo ao litoral, Paranapiacaba perdeu sua import\u00e2ncia econ\u00f4mica, e caiu pouco a pouco no esquecimento at\u00e9 se transformar numa verdadeira cidade fantasma. Em 2000, quando essas fotografias foram feitas, j\u00e1 n\u00e3o havia quase nada al\u00e9m de antigos trens a vapor abandonados na via f\u00e9rrea, carca\u00e7as de vag\u00f5es invadidas pela vegeta\u00e7\u00e3o e chal\u00e9s de madeira inabitados. Uma paisagem suspensa, imersa numa bruma de sonho, parada na hist\u00f3ria e no tempo, diante da qual eu mesma me coloquei entre par\u00eanteses, e capturei alguns farrapos flutuantes de realidade.<\/p>\n<h6>\u2028Lucia Guanaes<\/h6>\n","protected":false},"excerpt":{"rendered":"<p>Paranapiacaba \u2013 lugar de onde se avista o mar em Tupi-Guarani \u2013 fica a 50 km da cidade de S\u00e3o Paulo, na beira do planalto continental a 800 metros de altitude. O mar? Trata-se sem d\u00favida de uma piada ind\u00edgena pois nessa regi\u00e3o o encontro do ar marinho com a Serra do Mar (e consequentemente [&hellip;]<\/p>\n","protected":false},"author":1,"featured_media":0,"parent":2162,"menu_order":0,"comment_status":"open","ping_status":"open","template":"page-texte-serie-photo.php","meta":{"_acf_changed":false,"footnotes":""},"categories":[],"tags":[],"class_list":["post-2211","page","type-page","status-publish","hentry"],"acf":[],"_links":{"self":[{"href":"https:\/\/luciaguanaes.com\/pt\/wp-json\/wp\/v2\/pages\/2211","targetHints":{"allow":["GET"]}}],"collection":[{"href":"https:\/\/luciaguanaes.com\/pt\/wp-json\/wp\/v2\/pages"}],"about":[{"href":"https:\/\/luciaguanaes.com\/pt\/wp-json\/wp\/v2\/types\/page"}],"author":[{"embeddable":true,"href":"https:\/\/luciaguanaes.com\/pt\/wp-json\/wp\/v2\/users\/1"}],"replies":[{"embeddable":true,"href":"https:\/\/luciaguanaes.com\/pt\/wp-json\/wp\/v2\/comments?post=2211"}],"version-history":[{"count":6,"href":"https:\/\/luciaguanaes.com\/pt\/wp-json\/wp\/v2\/pages\/2211\/revisions"}],"predecessor-version":[{"id":5553,"href":"https:\/\/luciaguanaes.com\/pt\/wp-json\/wp\/v2\/pages\/2211\/revisions\/5553"}],"up":[{"embeddable":true,"href":"https:\/\/luciaguanaes.com\/pt\/wp-json\/wp\/v2\/pages\/2162"}],"wp:attachment":[{"href":"https:\/\/luciaguanaes.com\/pt\/wp-json\/wp\/v2\/media?parent=2211"}],"wp:term":[{"taxonomy":"category","embeddable":true,"href":"https:\/\/luciaguanaes.com\/pt\/wp-json\/wp\/v2\/categories?post=2211"},{"taxonomy":"post_tag","embeddable":true,"href":"https:\/\/luciaguanaes.com\/pt\/wp-json\/wp\/v2\/tags?post=2211"}],"curies":[{"name":"wp","href":"https:\/\/api.w.org\/{rel}","templated":true}]}}