{"id":2158,"date":"2014-04-23T08:43:43","date_gmt":"2014-04-23T07:43:43","guid":{"rendered":"http:\/\/luciaguanaes.com\/pt\/?page_id=2158"},"modified":"2014-07-23T11:43:51","modified_gmt":"2014-07-23T10:43:51","slug":"texte","status":"publish","type":"page","link":"https:\/\/luciaguanaes.com\/pt\/ensaios\/fronteiras-do-mar\/texte\/","title":{"rendered":"texte"},"content":{"rendered":"<p>Esta s\u00e9rie foi projetada como um longo travelling em uma metr\u00f3pole contempor\u00e2nea indefinida, localizada em um lugar qualquer \u00e0 beira-mar.<\/p>\n<p>As fotos foram realizadas em v\u00e1rias cidades do litoral brasileiro mas poderiam muito bem ter sido tiradas em Miami, Hong Kong ou Sydney, visto que nada mais parece distinguir uns dos outros tais espa\u00e7os balne\u00e1rios &#8220;globalizados&#8221;.<\/p>\n<p>Se sucedem arranha-c\u00e9us e vistas para o mar, jardins e an\u00e9is rodovi\u00e1rios, terrenos baldios e grades de seguran\u00e7a, <em>shopping centers<\/em> e <em>playgrounds,<\/em> sem que ru\u00eddo algum ou atividade nenhuma venha perturbar a imensa solid\u00e3o e a completa ociosidade desta cidade, ao mesmo tempo real e &#8220;imaginada&#8221;.<\/p>\n<p>Algumas poucas silhuetas fugazes atravessam a imagem. S\u00e3o transeuntes solit\u00e1rios, abandonados a si mesmos. Quem s\u00e3o? Para onde v\u00e3o? Cada imagem \u00e9 um fragmento de uma hist\u00f3ria interrompida&#8230; Mist\u00e9rio e magia do anonimato urbano.<\/p>\n<h6 style=\"color: #333333;\">\u2028Lucia Guanaes<\/h6>\n","protected":false},"excerpt":{"rendered":"<p>Esta s\u00e9rie foi projetada como um longo travelling em uma metr\u00f3pole contempor\u00e2nea indefinida, localizada em um lugar qualquer \u00e0 beira-mar. As fotos foram realizadas em v\u00e1rias cidades do litoral brasileiro mas poderiam muito bem ter sido tiradas em Miami, Hong Kong ou Sydney, visto que nada mais parece distinguir uns dos outros tais espa\u00e7os balne\u00e1rios [&hellip;]<\/p>\n","protected":false},"author":1,"featured_media":2689,"parent":2157,"menu_order":0,"comment_status":"open","ping_status":"open","template":"page-texte-serie-photo.php","meta":{"_acf_changed":false,"footnotes":""},"categories":[],"tags":[],"class_list":["post-2158","page","type-page","status-publish","has-post-thumbnail","hentry"],"acf":[],"_links":{"self":[{"href":"https:\/\/luciaguanaes.com\/pt\/wp-json\/wp\/v2\/pages\/2158","targetHints":{"allow":["GET"]}}],"collection":[{"href":"https:\/\/luciaguanaes.com\/pt\/wp-json\/wp\/v2\/pages"}],"about":[{"href":"https:\/\/luciaguanaes.com\/pt\/wp-json\/wp\/v2\/types\/page"}],"author":[{"embeddable":true,"href":"https:\/\/luciaguanaes.com\/pt\/wp-json\/wp\/v2\/users\/1"}],"replies":[{"embeddable":true,"href":"https:\/\/luciaguanaes.com\/pt\/wp-json\/wp\/v2\/comments?post=2158"}],"version-history":[{"count":11,"href":"https:\/\/luciaguanaes.com\/pt\/wp-json\/wp\/v2\/pages\/2158\/revisions"}],"predecessor-version":[{"id":5992,"href":"https:\/\/luciaguanaes.com\/pt\/wp-json\/wp\/v2\/pages\/2158\/revisions\/5992"}],"up":[{"embeddable":true,"href":"https:\/\/luciaguanaes.com\/pt\/wp-json\/wp\/v2\/pages\/2157"}],"wp:featuredmedia":[{"embeddable":true,"href":"https:\/\/luciaguanaes.com\/pt\/wp-json\/wp\/v2\/media\/2689"}],"wp:attachment":[{"href":"https:\/\/luciaguanaes.com\/pt\/wp-json\/wp\/v2\/media?parent=2158"}],"wp:term":[{"taxonomy":"category","embeddable":true,"href":"https:\/\/luciaguanaes.com\/pt\/wp-json\/wp\/v2\/categories?post=2158"},{"taxonomy":"post_tag","embeddable":true,"href":"https:\/\/luciaguanaes.com\/pt\/wp-json\/wp\/v2\/tags?post=2158"}],"curies":[{"name":"wp","href":"https:\/\/api.w.org\/{rel}","templated":true}]}}