{"id":2103,"date":"2014-04-22T14:39:30","date_gmt":"2014-04-22T13:39:30","guid":{"rendered":"http:\/\/luciaguanaes.com\/pt\/?page_id=2103"},"modified":"2014-07-23T11:34:41","modified_gmt":"2014-07-23T10:34:41","slug":"texte","status":"publish","type":"page","link":"https:\/\/luciaguanaes.com\/pt\/ensaios\/sao-paulo-de-todas-as-sombras\/texte\/","title":{"rendered":"texte"},"content":{"rendered":"<p>A maioria sen\u00e3o a totalidade das coisas dignas de interesse no centro de S\u00e3o Paulo \u2013 os edif\u00edcios, os monumentos, as pra\u00e7as \u2013 j\u00e1 foi identificada, descrita, inventariada, fotografada&#8230; Aqui, a inten\u00e7\u00e3o \u00e9 falar do resto, ou seja: o que n\u00e3o se nota, o que n\u00e3o tem import\u00e2ncia, &#8220;<em>o que acontece quando nada acontece, fora o passar do tempo, das pessoas, carros e nuvens<\/em>&#8221; como dizia Georges Perec.<sup>1<\/sup><\/p>\n<p>Justamente. Como expressar o que acontece todos os dias numa cidade como S\u00e3o Paulo, aquilo que retorna a cada dia sempre igual, e que \u00e9 t\u00e3o banal e t\u00e3o comum, que ningu\u00e9m nem percebe? Para responder a esta quest\u00e3o, n\u00f3s procuramos encontrar pontos de vistas fixos de onde pud\u00e9ssemos observar o movimento da cidade a qualquer hora da noite e do dia. Escolhemos 11 hot\u00e9is situados em pontos estrat\u00e9gicos (cruzamentos, pra\u00e7as) cujas janelas possu\u00edam uma vista livre e um \u00e2ngulo de vis\u00e3o pr\u00f3ximo de 180 graus. Entre janeiro de 2009 e fevereiro 2012, fotografamos tudo o que vimos da janela durante ciclos de no m\u00ednimo 24 horas em cada hotel.<\/p>\n<p>O resultado deste experimento foi reunido no livro <em>S\u00e3o Paulo de todas as sombras<\/em> que tamb\u00e9m conta com a participa\u00e7\u00e3o do escritor brasileiro Di\u00f3genes Moura.<\/p>\n<p>O livro foi concebido como um filme, segundo o passar do tempo. Os autores s\u00e3o os espectadores que se mant\u00eam a uma certa dist\u00e2ncia, sem nunca tomar parte na a\u00e7\u00e3o, assim como o her\u00f3i de <em>Janela indiscreta<\/em> de Alfred Hitchcock, esse fotojornalista acostumado a viajar pelo mundo que, ap\u00f3s um acidente, fica preso em casa em uma cadeira de rodas, tendo como \u00fanico cen\u00e1rio aquilo que pode ver da janela de seu apartamento.<\/p>\n<h6><span style=\"color: #333333;\">\u2028Lucia Guanaes<\/span><\/h6>\n        <div class=\"notes p\" ><div class=\"notes-filet\">&nbsp;<\/div> [1] Georges Perec, <em>Tentative d&#8217;\u00e9puisement d&#8217;un lieu parisien<\/em>, em <em>Cause commune<\/em> n<sup>o<\/sup>\u00a01, \u00c9ditions 10\/18, 1975. \/ <em>Tentative d&#8217;\u00e9puisement d&#8217;un lieu parisien<\/em>, \u00c9ditions Christian Bourgois, Paris, 1982.<\/div> <p style=\"display:none;\"> &nbsp; \n<p><a title=\"acheter le livre \u00ab S\u00e3o Paulo de toutes les ombres \u00bb\" href=\"http:\/\/www.toutpourplaire.com\/editions-tpp\/livres\/sao-paulo-de-todas-as-sombras-sao-paulo-de-toutes-les-ombres\/?do=feuilleter\" target=\"_blank\">\u00bb folhear o livro<\/a><\/p>\n","protected":false},"excerpt":{"rendered":"<p>A maioria sen\u00e3o a totalidade das coisas dignas de interesse no centro de S\u00e3o Paulo \u2013 os edif\u00edcios, os monumentos, as pra\u00e7as \u2013 j\u00e1 foi identificada, descrita, inventariada, fotografada&#8230; Aqui, a inten\u00e7\u00e3o \u00e9 falar do resto, ou seja: o que n\u00e3o se nota, o que n\u00e3o tem import\u00e2ncia, &#8220;o que acontece quando nada acontece, fora [&hellip;]<\/p>\n","protected":false},"author":1,"featured_media":3026,"parent":13,"menu_order":0,"comment_status":"open","ping_status":"open","template":"page-texte-serie-photo.php","meta":{"_acf_changed":false,"footnotes":""},"categories":[],"tags":[],"class_list":["post-2103","page","type-page","status-publish","has-post-thumbnail","hentry"],"acf":[],"_links":{"self":[{"href":"https:\/\/luciaguanaes.com\/pt\/wp-json\/wp\/v2\/pages\/2103","targetHints":{"allow":["GET"]}}],"collection":[{"href":"https:\/\/luciaguanaes.com\/pt\/wp-json\/wp\/v2\/pages"}],"about":[{"href":"https:\/\/luciaguanaes.com\/pt\/wp-json\/wp\/v2\/types\/page"}],"author":[{"embeddable":true,"href":"https:\/\/luciaguanaes.com\/pt\/wp-json\/wp\/v2\/users\/1"}],"replies":[{"embeddable":true,"href":"https:\/\/luciaguanaes.com\/pt\/wp-json\/wp\/v2\/comments?post=2103"}],"version-history":[{"count":32,"href":"https:\/\/luciaguanaes.com\/pt\/wp-json\/wp\/v2\/pages\/2103\/revisions"}],"predecessor-version":[{"id":5988,"href":"https:\/\/luciaguanaes.com\/pt\/wp-json\/wp\/v2\/pages\/2103\/revisions\/5988"}],"up":[{"embeddable":true,"href":"https:\/\/luciaguanaes.com\/pt\/wp-json\/wp\/v2\/pages\/13"}],"wp:featuredmedia":[{"embeddable":true,"href":"https:\/\/luciaguanaes.com\/pt\/wp-json\/wp\/v2\/media\/3026"}],"wp:attachment":[{"href":"https:\/\/luciaguanaes.com\/pt\/wp-json\/wp\/v2\/media?parent=2103"}],"wp:term":[{"taxonomy":"category","embeddable":true,"href":"https:\/\/luciaguanaes.com\/pt\/wp-json\/wp\/v2\/categories?post=2103"},{"taxonomy":"post_tag","embeddable":true,"href":"https:\/\/luciaguanaes.com\/pt\/wp-json\/wp\/v2\/tags?post=2103"}],"curies":[{"name":"wp","href":"https:\/\/api.w.org\/{rel}","templated":true}]}}