{"id":2085,"date":"2014-04-22T11:30:38","date_gmt":"2014-04-22T10:30:38","guid":{"rendered":"http:\/\/luciaguanaes.com\/pt\/?page_id=2085"},"modified":"2025-04-15T13:00:57","modified_gmt":"2025-04-15T12:00:57","slug":"curriculo","status":"publish","type":"page","link":"https:\/\/luciaguanaes.com\/pt\/informacoes\/curriculo\/","title":{"rendered":"curr\u00edculo"},"content":{"rendered":"<h2><strong>EXPOSI\u00c7\u00d5ES INDIVIDUAIS<\/strong><\/h2>\n<ul>\n<li>2025 \u2013<em> <i>Hors-Lieu,<\/i><\/em>\u00a0coautoria Marc Dumas &#8211; Galeria Umcebo, Paris, Fran\u00e7a<\/li>\n<li>2020 \u2013<em> <i>M\u00e9moire d&#8217;incendie<\/i>\u00a0 <\/em>&#8211; Domaine du Rayol, Rayol-Canadel-sur-Mer, Fran\u00e7a<\/li>\n<li>2020 \u2013<em> <i>(Re)g\u00e9n\u00e9rations au cap Lardier<\/i>\u00a0 <\/em>&#8211; Biblioteca Municipal de La Croix-Valmer, Fran\u00e7a<\/li>\n<li>2019 \u2013<em> <i>No mundo (En ce monde)<\/i>\u00a0 <\/em>&#8211; Galeria Umcebo, Paris, Fran\u00e7a<\/li>\n<li>2015 \u2013<em> S\u00e3o Paulo de todas as sombras<\/em> &#8211; Alian\u00e7a Francesa de Salvador<\/li>\n<li>2014 \u2013<em> Transfigura\u00e7\u00f5es <\/em>&#8211; Festival Clair de Luttes, Brunas du Larzac, Fran\u00e7a<\/li>\n<li>2013 \u2013<em> S\u00e3o Paulo de todas as sombras<\/em> &#8211; Galeria FASS, 4<sup>a<\/sup> Mostra Samsung SP de Fotografia, S\u00e3o Paulo<br \/>\n<img loading=\"lazy\" decoding=\"async\" class=\"alignnone size-full wp-image-2591\" src=\"https:\/\/luciaguanaes.com\/pt\/wp-content\/uploads\/2014\/04\/lucia-guanaes-exposition-Galeria-fass-sao-paulo-bresil-2013-b.jpg\" alt=\"lucia-guanaes-exposition-Galeria-fass-sao-paulo-bresil-2013-b\" width=\"185\" height=\"123\" \/>\u00a0\u00a0<img loading=\"lazy\" decoding=\"async\" class=\"alignnone size-full wp-image-2590\" src=\"https:\/\/luciaguanaes.com\/pt\/wp-content\/uploads\/2014\/04\/lucia-guanaes-exposition-Galeria-fass-sao-paulo-bresil-2013-a.jpg\" alt=\"lucia-guanaes-exposition-Galeria-fass-sao-paulo-bresil-2013-a\" width=\"185\" height=\"123\" \/><\/li>\n<li>2013 \u2013<em> S\u00e3o Paulo de todas as sombras<\/em> &#8211; Casa da Luz Vermelha, Bras\u00edlia<\/li>\n<li>2009 \u2013<em> Fronteiras do mar<\/em> \u2013 Escola Livre de Ci\u00eancias Humanas e Artes, Funda\u00e7\u00e3o Santo Andr\u00e9, Santo Andr\u00e9 \/ SP<\/li>\n<li>2008 \u2013<em> Transfigura\u00e7\u00f5es<\/em> &#8211; MAM, Museu de Arte Moderna da Bahia, Salvador<br \/>\n<img loading=\"lazy\" decoding=\"async\" class=\"alignnone size-full wp-image-2592\" src=\"https:\/\/luciaguanaes.com\/pt\/wp-content\/uploads\/2014\/04\/lucia-guanaes-exposition-mam-museu-de-arte-moderna-bahia-salvador-bresil-2008.jpg\" alt=\"lucia-guanaes-exposition-mam-museu-de-arte-moderna-bahia-salvador-bresil-2008\" width=\"185\" height=\"123\" \/><\/li>\n<li>2008 &#8211; <em>Int\u00e9rieurs br\u00e9siliens<\/em> &#8211; Festival Chroniques Nomades, Honfleur, Fran\u00e7a<\/li>\n<li>2007 \u2013<em> Paranapiacaba<\/em> &#8211; Festival FotoArte, Bras\u00edlia \/ DF<\/li>\n<li>2007 \u2013<em> Paranapiacaba<\/em> &#8211; Galeria do Olhar, Salvador, Bahia<\/li>\n<li>2007 \u2013 <em>Transfigura\u00e7\u00f5es<\/em> &#8211; Pinacoteca do Estado de S\u00e3o Paulo, S\u00e3o Paulo<br \/>\n<img loading=\"lazy\" decoding=\"async\" class=\"alignnone size-full wp-image-2593\" src=\"https:\/\/luciaguanaes.com\/pt\/wp-content\/uploads\/2014\/04\/lucia-guanaes-exposition-pinacoteca-sao-paulo-bresil-2007.jpg\" alt=\"lucia-guanaes-exposition-pinacoteca-sao-paulo-bresil-2007\" width=\"185\" height=\"123\" \/><\/li>\n<li>2006 \u2013 <em>Int\u00e9rieurs br\u00e9siliens<\/em> &#8211; Festival de la Photographie Sociale, Sarcelles, Fran\u00e7a<\/li>\n<li>2006 \u2013<em> Fronteiras do mar<\/em> &#8211; Galerias FNAC de S\u00e3o Paulo, Campinas, Rio de Janeiro, Curitiba e Bras\u00edlia<\/li>\n<li>2005 \u2013 <em>Fronteiras do mar<\/em> &#8211; Festival \u00c9tonnants Voyageurs, Saint-Malo, Fran\u00e7a<\/li>\n<li>2005 \u2013<em> Fronteiras do mar<\/em> &#8211; Galeria NegPos, N\u00eemes, Fran\u00e7a<\/li>\n<li>2005 \u2013<em> Au c\u0153ur de Bahia<\/em> <em>(No cora\u00e7\u00e3o da Bahia)<\/em> \u2013 M\u00e9diath\u00e8que Elza Triolet, Argenteuil, Fran\u00e7a<\/li>\n<li>2005 \u2013 <em>Au c\u0153ur de Bahia<\/em> <em>(No cora\u00e7\u00e3o da Bahia)<\/em> \u2013 FIAP Jean Monet, Paris, Fran\u00e7a<\/li>\n<li>2005 \u2013 <em>S\u00f3 na Bahia<\/em> (retrospectiva<em>)<\/em> &#8211; Galeria do Olhar, Salvador, Bahia<\/li>\n<li>2004 \u2013 <em>Transfigura\u00e7\u00f5es<\/em> &#8211; Galerie de l\u2019Onde, V\u00e9lizy, Fran\u00e7a<\/li>\n<li>2000 \u2013 <em>Au c\u0153ur de Bahia (No cora\u00e7\u00e3o da Bahia)<\/em>, dentro da programa\u00e7\u00e3o de <em>Latitudes Villette<\/em>, Grande Halle de la Villette, Paris, Fran\u00e7a<\/li>\n<li>2000 \u2013 <em>Au c\u0153ur de Bahia<\/em> <em>(No cora\u00e7\u00e3o da Bahia)<\/em> &#8211; Festival Chroniques Nomades, Honfleur, Fran\u00e7a<\/li>\n<li>1992 \u2013 <em>Inventaire d\u2019une Poubelle<\/em> &#8211; Studio Hara-kiri, Paris, Fran\u00e7a<\/li>\n<li>1989 \u2013 <em>Brasil-Br\u00e9sil<\/em> \u2013 FUNARTE, Funda\u00e7\u00e3o Nacional de Arte, S\u00e3o Paulo<\/li>\n<li>1989 \u2013<em> Brasil-Br\u00e9sil<\/em> &#8211; Espace Latino-Am\u00e9ricain, Paris, Fran\u00e7a<\/li>\n<\/ul>\n<h2><strong>EXPOSI\u00c7\u00d5ES COLETIVAS<\/strong><\/h2>\n<ul>\n<li>2019 \u2013\u00a0<em>GLASS &#8211; Photographie contemporaine d&#8217;Am\u00e9rique latine<\/em>, dentro da programa\u00e7\u00e3o de Art\u00a0Paris &#8211; Espace Lhomond, Paris<\/li>\n<li>2017 \u2013\u00a0<em>Experiencities Br\u00e9sil-France &#8211;<\/em>\u00a0Galeria Umcebo, Paris<\/li>\n<li>2013 \u2013 <em>Acervo da Pinacoteca do Estado de S\u00e3o Paulo<\/em>, Centro Cultural Eduardo L\u00e9on Jimenes, Santiago De Los Caballeros, Rep\u00fablica Dominicana<\/li>\n<li>2009 \u2013<em> 30 anos de fotografia<\/em>, cole\u00e7\u00e3o Rosely Nakagawa, Caixa Cultural de S\u00e3o Paulo, Curitiba, Bras\u00edlia e Salvador<\/li>\n<li>2007 \u2013<em> Photoquai, Biennale des photographies du monde<\/em>, Mus\u00e9e Quai de Branly, Paris, Fran\u00e7a<br \/>\n<img loading=\"lazy\" decoding=\"async\" class=\"alignnone size-full wp-image-2589\" src=\"https:\/\/luciaguanaes.com\/pt\/wp-content\/uploads\/2014\/04\/lucia-guanaes-exposition-biennale-photoquai-paris-france-2011-b.jpg\" alt=\"lucia-guanaes-exposition-biennale-photoquai-paris-france-2011-b\" width=\"164\" height=\"122\" \/>\u00a0\u00a0<img loading=\"lazy\" decoding=\"async\" class=\"alignnone size-full wp-image-2588\" src=\"https:\/\/luciaguanaes.com\/pt\/wp-content\/uploads\/2014\/04\/lucia-guanaes-exposition-biennale-photoquai-paris-france-2011-a.jpg\" alt=\"lucia-guanaes-exposition-biennale-photoquai-paris-france-2011-a\" width=\"164\" height=\"122\" \/><\/li>\n<li>2006 \u2013 Pr\u00eamio Porto Seguro de Fotografia, S\u00e3o Paulo<\/li>\n<li>2006 \u2013 Festival Voies Off (proje\u00e7\u00e3o), Arles, Fran\u00e7a<\/li>\n<li>2005 \u2013 Cole\u00e7\u00e3o MASP \/ Pirelli de Fotografias, Museu de Arte de S\u00e3o Paulo, S\u00e3o Paulo<\/li>\n<li>1989 \u2013 Embaixada do Brasil em Paris, Fran\u00e7a<\/li>\n<li>1989 \u2013 <em>Mulheres fot\u00f3grafas anos 80<\/em>, Galeria Infoco, Instituto Nacional da Fotografia, Funarte, Rio de Janeiro<\/li>\n<li>1987 \u2013 <em>Retratos em 35 mm,<\/em>Galeria Photoptica, S\u00e3o Paulo<\/li>\n<\/ul>\n<h2><strong>PR\u00caMIOS<\/strong><\/h2>\n<ul>\n<li>2000 \u2013<em> <em>Pr\u00eamio Esp\u00e9cial du Juri<\/em> <\/em>no Pr\u00eamio M\u00f6bius Internacional de Multim\u00eddia pelo CD-Rom <em><em>Au c\u0153ur de Bahia<\/em><\/em> (No cora\u00e7\u00e3o da Bahia)<\/li>\n<li>1999 \u2013<em> <em>Grand Prix M\u00f6bius <\/em><\/em>Am\u00e9rica Latina pelo CD-Rom<em> <em>Au c\u0153ur de Bahia <\/em><\/em>(No cora\u00e7\u00e3o da Bahia)<\/li>\n<\/ul>\n<h2>LIVROS E CAT\u00c1LOGOS<\/h2>\n<ul>\n<li><em>Exile City<\/em>,\u00a0 bil\u00edngue franc\u00eas \/ portugu\u00eas, Ed. Tout pour plaire, Paris, 2025 &#8211;         <span class=\"isbn\">ISBN 978-2-9514322-7-7<\/span> <\/li>\n<li><em>Hors-Lieu (<\/em>fanzine de fotografia), Ed. Tout pour plaire, Paris, 2025 &#8211; N\u00b0 01, <em>Fronti\u00e8res de la mer<\/em>; N\u00b0 03, <em>Limirares (Le MASP de Lina Bo Bardi)<\/em>; N\u00b0 04, <em>Au c\u0153ur de Bahia #01<\/em>;\u00a0N\u00b0 05, <em>Au c\u0153ur de Bahia #02<\/em>; N\u00b0 08, <em>Paranapiacaba<\/em>;\u00a0 n\u00b0 10, <em>M\u00e9moire d&#8217;incendie (Cap Lardier)<\/em>, coautoria Marc Dumas; N\u00b0 12, <em>Terre natale<\/em>.<\/li>\n<li><em>S\u00e3o Paulo de todas as sombras<\/em>, coautoria Marc Dumas, textos Di\u00f3genes Moura, bil\u00edngue franc\u00eas \/ portugu\u00eas, coedi\u00e7\u00e3o Tout pour plaire, Paris         <span class=\"isbn\">(ISBN 978-2-9514322-5-3)<\/span>  e Briquet de Lemos \/ Livros, Bras\u00edlia         <span class=\"isbn\">(ISBN 978-85-85637-48-4)<\/span> , 2013<\/li>\n<li><em>Transfigura\u00e7\u00f5es <\/em>(cat\u00e1logo exposi\u00e7\u00e3o Pinacoteca de S\u00e3o Paulo), pref\u00e1cio de Di\u00f3genes Moura, textos de Lucia Guanaes et Michel Riaudel, bil\u00edngue franc\u00eas \/ portugu\u00eas, Ed. Tout pour plaire, Paris 2007 &#8211;         <span class=\"isbn\">ISBN 2-9514322-1-6<\/span> <\/li>\n<li><em>Transfigurations<\/em>,\u00a0Galerie de l\u2019Onde, V\u00e9lizy 2004\u00a0 (cat\u00e1logo)<\/li>\n<li><em>Au c\u0153ur de Bahia<\/em>, CD-Rom,\u00a0 dire\u00e7\u00e3o de projeto e fotografias: Lucia Guanaes; dire\u00e7\u00e3o art\u00edstica: Marc Dumas; concep\u00e7\u00e3o: Olaf Avenati, Marc Dumas e Lucia Guanaes ; textos: M. A. de Filgueiras Gomes, Luiz A. Fernandes Cardoso e Lucia Guanaes &#8211; Ed. Tout pour Plaire Multim\u00e9dia, Paris 2000 \u2013         <span class=\"isbn\">ISBN 978-2-9514322-0-8<\/span> <\/li>\n<li><em>Inventaire d&#8217;une poubelle<\/em>, coautoria Marc Dumas, texto de introdu\u00e7\u00e3o Raffa\u00e8le Laporte,Ed. M\u00e9dias Intimes, Paris 1991 &#8211;         <span class=\"isbn\">ISBN 2-9505544-0-7<\/span> <\/li>\n<li><em>Brasil-Br\u00e9sil<\/em>,\u00a0 pref\u00e1cio de Pedro Vasquez, bil\u00edngue franc\u00eas \/ portugu\u00eas, Ed. Marval, Paris, 1988 &#8211;         <span class=\"isbn\">ISBN 2-86234-020-0<\/span> <\/li>\n<li><em>Comme \u00e0 la T\u00e9l\u00e9 \u2013 Tous des stars<\/em>, coautoria Marc Dumas, Ed. M\u00e9dias Intimes, Paris 1983<\/li>\n<\/ul>\n<p>PUBLICA\u00c7\u00d5ES COLETIVAS:<\/p>\n<ul>\n<li><em>O MASP de Lina<\/em>, organizadores Adriano Pedrosa e Guilherme Giufrida, s\u00e9rie\u00a0<em>Limiares<\/em>, p\u00e1ginas 112-145, MASP (Museu de Arte de S\u00e3o Paulo Assis Chateaubriand), S\u00e3o Paulo 2019 &#8211;\u00a0        <span class=\"isbn\">ISBN 978-85-310-0072-0<\/span> <\/li>\n<li><em>30 anos de fotografia<\/em>, cole\u00e7\u00e3o Rosely Nakagawa, Caixa Cultural, 2009 (cat\u00e1logo)<\/li>\n<li><em>Encontros com a Fotografia Cole\u00e7\u00e3o Fnac Brasil<\/em>, curadoria Rosely Nakagawa, p\u00e1ginas 36-37, Ed. Tempo d\u2019Imagem, Fortaleza 2009 &#8211;\u00a0        <span class=\"isbn\">ISBN 978-85-87314-24-6<\/span> <\/li>\n<li><em>Encontros com a Fotografia \u2013 Cole\u00e7\u00e3o Fnac Brasil<\/em>, <em>entrevistas, <\/em>organiza\u00e7\u00e3o Simonetta Persichetti, p\u00e1ginas 62-65, Ed. Tempo d\u2019Imagem, Fortaleza 2009 &#8211;         <span class=\"isbn\">ISBN 978-85-87314-24-6<\/span> <\/li>\n<li><em>Chambres avec Vues<\/em>, Association Buena Vista, Arles 2008 (cat\u00e1logo)<\/li>\n<li><em>Chambres avec Vues<\/em>, Galerie NegPos, Nimes 2008 (cat\u00e1logo)<\/li>\n<li><em>Le monde regarde le monde, PHOTOQUAI &#8211; Biennale des images du monde<\/em>, Ed. Nicolas Chaudun, Paris 2007 \u2013 p\u00e1ginas 150-151 (cat\u00e1logo)<\/li>\n<li>\u00a0<em>Festival FotoArte 2007<\/em>, Bras\u00edlia 2007, p\u00e1ginas 163-165 \u2013         <span class=\"isbn\">ISBN 978-85-88956-23-0<\/span>  (cat\u00e1logo)<\/li>\n<li><em>PHOTOSOC, Festival International de la Photographie Sociale<\/em>, Sarcelles 2006 &#8211;\u00a0p\u00e1ginas 78-81 (cat\u00e1logo)<\/li>\n<li><em>Collection MASP-Pirelli n\u00b014<\/em>, Museu de Arte de S\u00e3o Paulo, S\u00e3o Paulo 2005,\u00a0p\u00e1ginas 30-33 (cat\u00e1logo)<\/li>\n<li><em>Mise au point virgule<\/em>, \u00c9ditions La Pomme verte, Centre Dramatique National pour l\u2019Enfance et la Jeunesse,\u00a0p\u00e1ginas 23-36, 68-71, Cergy-Pontoise 1988<\/li>\n<\/ul>\n<h2>COLE\u00c7\u00d5ES &amp; ACERVOS FOTOGR\u00c1FICOS<\/h2>\n<ul>\n<li>Acervo MASP Museu de Arte de S\u00e3o Paulo Assis Chateaubriand (s\u00e9rie <em>Limiares<\/em>)<\/li>\n<li>\u00a0Cole\u00e7\u00e3o MASP\/Pirelli de Fotografias (s\u00e9rie <em>Fronteiras do mar<\/em>)<\/li>\n<li>\u00a0Cole\u00e7\u00e3o Pinacoteca do Estado de S\u00e3o Paulo (s\u00e9rie <em>Transfigura\u00e7\u00f5es<\/em>)<\/li>\n<\/ul>\n<h2>DIVERSOS<\/h2>\n<ul>\n<li>Semin\u00e1rio <em>O MASP de Lina : 50 anos do edif\u00edcio na Avenida Paulista &#8211;<\/em>\u00a0MASP, S\u00e3o Paulo, 05\/11\/2018<\/li>\n<li><em>30 anos de <\/em><em>comunica\u00e7\u00e3o, cultura e projetos fotogr\u00e1ficos<\/em>, proje\u00e7\u00e3o de imagens e debate, Associa\u00e7\u00e3o Fotoativa, Bel\u00e9m, janeiro 2013<\/li>\n<li><em>Transfigurations<\/em>, proje\u00e7\u00e3o de imagens e debate, dentro da programa\u00e7\u00e3o de \u201cO\u00f9 en sommes-nous avec l\u2019identification sexuelle\u00a0?\u201d, 14\/11\/2007, Association lacanienne internationale, Maison de l&#8217;Am\u00e9rique latine<\/li>\n<li><em>Fronti\u00e8res de la mer<\/em> \u2013 projection au Festival Voies Off (Arles) en juillet 2005<\/li>\n<li>Portfolios na galeria on line Photoarts : <em>In the cities \u2013 <\/em><em>Fronti\u00e8res de la mer<\/em><\/li>\n<li><em>Transfigura\u00e7\u00f5es<\/em>, exposi\u00e7\u00e3o na revista on line Err\u00e1tica<\/li>\n<\/ul>\n","protected":false},"excerpt":{"rendered":"<p>EXPOSI\u00c7\u00d5ES INDIVIDUAIS 2025 \u2013 Hors-Lieu,\u00a0coautoria Marc Dumas &#8211; Galeria Umcebo, Paris, Fran\u00e7a 2020 \u2013 M\u00e9moire d&#8217;incendie\u00a0 &#8211; Domaine du Rayol, Rayol-Canadel-sur-Mer, Fran\u00e7a 2020 \u2013 (Re)g\u00e9n\u00e9rations au cap Lardier\u00a0 &#8211; Biblioteca Municipal de La Croix-Valmer, Fran\u00e7a 2019 \u2013 No mundo (En ce monde)\u00a0 &#8211; Galeria Umcebo, Paris, Fran\u00e7a 2015 \u2013 S\u00e3o Paulo de todas as sombras [&hellip;]<\/p>\n","protected":false},"author":1,"featured_media":0,"parent":2080,"menu_order":1,"comment_status":"open","ping_status":"open","template":"page-informations-curriculum.php","meta":{"_acf_changed":false,"footnotes":""},"categories":[],"tags":[],"class_list":["post-2085","page","type-page","status-publish","hentry"],"acf":[],"_links":{"self":[{"href":"https:\/\/luciaguanaes.com\/pt\/wp-json\/wp\/v2\/pages\/2085","targetHints":{"allow":["GET"]}}],"collection":[{"href":"https:\/\/luciaguanaes.com\/pt\/wp-json\/wp\/v2\/pages"}],"about":[{"href":"https:\/\/luciaguanaes.com\/pt\/wp-json\/wp\/v2\/types\/page"}],"author":[{"embeddable":true,"href":"https:\/\/luciaguanaes.com\/pt\/wp-json\/wp\/v2\/users\/1"}],"replies":[{"embeddable":true,"href":"https:\/\/luciaguanaes.com\/pt\/wp-json\/wp\/v2\/comments?post=2085"}],"version-history":[{"count":45,"href":"https:\/\/luciaguanaes.com\/pt\/wp-json\/wp\/v2\/pages\/2085\/revisions"}],"predecessor-version":[{"id":6953,"href":"https:\/\/luciaguanaes.com\/pt\/wp-json\/wp\/v2\/pages\/2085\/revisions\/6953"}],"up":[{"embeddable":true,"href":"https:\/\/luciaguanaes.com\/pt\/wp-json\/wp\/v2\/pages\/2080"}],"wp:attachment":[{"href":"https:\/\/luciaguanaes.com\/pt\/wp-json\/wp\/v2\/media?parent=2085"}],"wp:term":[{"taxonomy":"category","embeddable":true,"href":"https:\/\/luciaguanaes.com\/pt\/wp-json\/wp\/v2\/categories?post=2085"},{"taxonomy":"post_tag","embeddable":true,"href":"https:\/\/luciaguanaes.com\/pt\/wp-json\/wp\/v2\/tags?post=2085"}],"curies":[{"name":"wp","href":"https:\/\/api.w.org\/{rel}","templated":true}]}}