{"id":2083,"date":"2014-04-22T11:30:16","date_gmt":"2014-04-22T10:30:16","guid":{"rendered":"http:\/\/luciaguanaes.com\/pt\/?page_id=2083"},"modified":"2014-07-14T09:44:16","modified_gmt":"2014-07-14T08:44:16","slug":"biografia","status":"publish","type":"page","link":"https:\/\/luciaguanaes.com\/pt\/informacoes\/biografia\/","title":{"rendered":"biografia"},"content":{"rendered":"<p><span style=\"color: #444444;\"><div id=\"new-royalslider-1\" class=\"royalSlider new-royalslider-1 rsUni rs-default-template\" style=\"width:804px;height:200px;;\" data-rs-options='{&quot;template&quot;:&quot;default&quot;,&quot;image_generation&quot;:{&quot;imageWidth&quot;:804,&quot;imageHeight&quot;:200,&quot;thumbImageWidth&quot;:&quot;&quot;,&quot;thumbImageHeight&quot;:&quot;&quot;},&quot;thumbs&quot;:{&quot;thumbWidth&quot;:96,&quot;thumbHeight&quot;:72},&quot;deeplinking&quot;:{&quot;enabled&quot;:&quot;true&quot;,&quot;change&quot;:&quot;true&quot;},&quot;block&quot;:{&quot;moveOffset&quot;:20,&quot;speed&quot;:400,&quot;delay&quot;:200},&quot;width&quot;:&quot;804px&quot;,&quot;height&quot;:&quot;200px&quot;,&quot;autoScaleSlider&quot;:&quot;true&quot;,&quot;autoScaleSliderWidth&quot;:804,&quot;autoScaleSliderHeight&quot;:200,&quot;slidesSpacing&quot;:0,&quot;imageScaleMode&quot;:&quot;none&quot;,&quot;imageScalePadding&quot;:0,&quot;controlNavigation&quot;:&quot;none&quot;,&quot;arrowsNavAutoHide&quot;:&quot;false&quot;,&quot;transitionSpeed&quot;:300,&quot;sliderDrag&quot;:&quot;false&quot;,&quot;sliderTouch&quot;:&quot;false&quot;,&quot;keyboardNavEnabled&quot;:&quot;true&quot;,&quot;navigateByClick&quot;:&quot;false&quot;,&quot;controlsInside&quot;:&quot;false&quot;}'>\n<div class=\"rsContent\">\n  <img decoding=\"async\" class=\"rsImg\" src=\"https:\/\/luciaguanaes.com\/pt\/wp-content\/uploads\/2014\/05\/lucia-guanaes-biographie-01.jpg\" alt=\"lucia-guanaes-biographie-01\"\/>\n  \n  \n  <div class=\"rsSBlock bio-legende\" style=\"height: 200px; right: auto; position: absolute; top: 0px; left: 0px; width: 235px;\"><span class=\"text-content\">\r\n<span>\r\n2013, com <br>Gabrielle d'Estr\u00e9es <br>e sua irm\u00e3 a <br>duquesa De Villars, <br>Museu do Louvre, <br>Paris.\r\n<\/span>\r\n<\/span><\/div><div class=\"rsSBlock bio-legende\" style=\"height: 200px; position: absolute; top: 0px; width: 267px; left: 235px;\"><span class=\"text-content\">\r\n<span>\r\n2007, com Marcos <br>Lopez e Marc Dumas, <br>Jardin des Plantes, <br>Paris.\r\n<\/span>\r\n<\/span><\/div><div class=\"rsSBlock bio-legende\" style=\"top: 0px; left: 502px; height: 200px; width: 302px;\"><span class=\"text-content\">\r\n<span>\r\n2001, distribui\u00e7\u00e3o <br>de fotos nos Alagados, <br>Salvador, Bahia.\r\n<\/span>\r\n<\/span><\/div>\n<\/div>\n<div class=\"rsContent\">\n  <img decoding=\"async\" class=\"rsImg\" src=\"https:\/\/luciaguanaes.com\/pt\/wp-content\/uploads\/2014\/05\/lucia-guanaes-biographie-022.jpg\" alt=\"lucia-guanaes-biographie-02\"\/>\n  \n  \n  <div class=\"rsSBlock bio-legende\" style=\"left: 0px; top: 0px; width: 305px; height: 200px;\"><span class=\"text-content\">\r\n<span>\r\n2000, com Yeda e <br>Marco A. de Filgueiras <br>Gomes, New York.\r\n<\/span>\r\n<\/span><\/div><div class=\"rsSBlock bio-legende\" style=\"left: 305px; top: 0px; height: 200px; width: 258px;\"><span class=\"text-content\">\r\n<span>\r\n1996, com um grupo <br>de crian\u00e7as do Pelourinho, <br>Salvador, Bahia.\r\n<\/span>\r\n<\/span><\/div><div class=\"rsSBlock bio-legende\" style=\"top: 0px; height: 200px; left: 563px; width: 241px;\"><span class=\"text-content\">\r\n<span>\r\n1995, no est\u00fadio <br>Tout pour plaire, <br>Paris.\r\n<\/span>\r\n<\/span><\/div>\n<\/div>\n<div class=\"rsContent\">\n  <img decoding=\"async\" class=\"rsImg\" src=\"https:\/\/luciaguanaes.com\/pt\/wp-content\/uploads\/2014\/05\/lucia-guanaes-biographie-03.jpg\" alt=\"lucia-guanaes-biographie-03\"\/>\n  \n  \n  <div class=\"rsSBlock bio-legende\" style=\"width: 487px; height: 200px; left: 0px; top: 0px;\"><span class=\"text-content\">\r\n<span>\r\n1992, no est\u00fadio<br>Tout pour plaire, Paris <br>(foto F. Kleinefenn).\r\n<\/span>\r\n<\/span><\/div><div class=\"rsSBlock bio-legende\" style=\"left: 487px; top: 0px; height: 200px; width: 317px;\"><span class=\"text-content\">\r\n<span>\r\n1983, conversa <br>sobre fotografia <br>com Catherine, Paris.\r\n<\/span>\r\n<\/span><\/div>\n<\/div>\n<div class=\"rsContent\">\n  <img decoding=\"async\" class=\"rsImg\" src=\"https:\/\/luciaguanaes.com\/pt\/wp-content\/uploads\/2014\/05\/lucia-guanaes-biographie-04.jpg\" alt=\"lucia-guanaes-biographie-04\"\/>\n  \n  \n  <div class=\"rsSBlock bio-legende\" style=\"width: 298px; height: 200px; left: 0px; top: 0px;\"><span class=\"text-content\">\r\n<span>\r\n1980, no parque <br>da Cidade Universit\u00e1ria <br>de Paris.\r\n<\/span>\r\n<\/span><\/div><div class=\"rsSBlock bio-legende\" style=\"left: 298px; top: 0px; height: 200px; width: 221px;\"><span class=\"text-content\">\r\n<span>\r\n1979, Ilha de Outeiro, <br>Bel\u00e9m do Par\u00e1.\r\n<\/span>\r\n<\/span><\/div><div class=\"rsSBlock bio-legende\" style=\"left: 519px; height: 200px; top: 0px; width: 285px;\"><span class=\"text-content\">\r\n<span>\r\n1977, Paris.\r\n<\/span>\r\n<\/span><\/div>\n<\/div>\n<div class=\"rsContent\">\n  <img decoding=\"async\" class=\"rsImg\" src=\"https:\/\/luciaguanaes.com\/pt\/wp-content\/uploads\/2014\/05\/lucia-guanaes-biographie-05.jpg\" alt=\"lucia-guanaes-biographie-05\"\/>\n  \n  \n  <div class=\"rsSBlock bio-legende\" style=\"top: 0px; height: 200px; left: 41px; width: 264px;\"><span class=\"text-content\">\r\n<span>\r\n1975, S\u00e3o Paulo.\r\n<\/span>\r\n<\/span><\/div><div class=\"rsSBlock bio-legende\" style=\"width: 196px; left: 305px; top: 0px; height: 200px;\"><span class=\"text-content\">\r\n<span>\r\n1974, na <br>Cidade Universit\u00e1ria, <br>S\u00e3o Paulo.\r\n<\/span>\r\n<\/span><\/div><div class=\"rsSBlock bio-legende\" style=\"left: 501px; width: 303px; height: 200px; top: 0px;\"><span class=\"text-content\">\r\n<span>\r\n1973, S\u00e3o Paulo.\r\n<\/span>\r\n<\/span><\/div>\n<\/div>\n<div class=\"rsContent\">\n  <img decoding=\"async\" class=\"rsImg\" src=\"https:\/\/luciaguanaes.com\/pt\/wp-content\/uploads\/2014\/05\/lucia-guanaes-biographie-06.jpg\" alt=\"lucia-guanaes-biographie-06\"\/>\n  \n  \n  <div class=\"rsSBlock bio-legende\" style=\"left: 0px; top: 0px; height: 200px; width: 332px;\"><span class=\"text-content\">\r\n<span>\r\n1970, f\u00e9rias em Juque\u00ed, <br>Estado de S\u00e3o Paulo.\r\n<\/span>\r\n<\/span><\/div><div class=\"rsSBlock bio-legende\" style=\"left: 332px; top: 0px; height: 200px; width: 143px;\"><span class=\"text-content\">\r\n<span>\r\n1968, Col\u00e9gio <br>de Aplica\u00e7\u00e3o, <br>S\u00e3o Paulo.\r\n<\/span>\r\n<\/span><\/div><div class=\"rsSBlock bio-legende\" style=\"top: 0px; height: 200px; width: 329px; left: 475px;\"><span class=\"text-content\">\r\n<span>\r\n1965, com Juliana,<br>S\u00e3o Paulo.\r\n<\/span>\r\n<\/span><\/div>\n<\/div>\n<div class=\"rsContent\">\n  <img decoding=\"async\" class=\"rsImg\" src=\"https:\/\/luciaguanaes.com\/pt\/wp-content\/uploads\/2014\/05\/lucia-guanaes-biographie-071.jpg\" alt=\"lucia-guanaes-biographie-07\"\/>\n  \n  \n  <div class=\"rsSBlock bio-legende\" style=\"width: 336px; height: 200px; top: 0px; left: 47px;\"><span class=\"text-content\">\r\n<span>\r\n  1962, com seu pai <br>Gontran, sua irm\u00e3 Cristina <br>e sua m\u00e3e Helena, <br>S\u00e3o Paulo.\r\n<\/span>\r\n<\/span><\/div><div class=\"rsSBlock bio-legende\" style=\"width: 149px; left: 384px; height: 200px; top: 0px;\"><span class=\"text-content\">\r\n<span>\r\n1959, com <br>sua tia Lucia e <br>seu av\u00f4 Homero, <br>S\u00e3o Paulo.\r\n<\/span>\r\n<\/span><\/div><div class=\"rsSBlock bio-legende\" style=\"top: 0px; height: 200px; width: 227px; left: 533px;\"><span class=\"text-content\">\r\n<span>\r\n1958, S\u00e3o Paulo.\r\n<\/span>\r\n<\/span><\/div>\n<\/div>\n<div class=\"rsContent\">\n  <img decoding=\"async\" class=\"rsImg\" src=\"https:\/\/luciaguanaes.com\/pt\/wp-content\/uploads\/2014\/05\/lucia-guanaes-biographie-081.jpg\" alt=\"lucia-guanaes-biographie-08\"\/>\n  \n  \n  <div class=\"rsSBlock bio-legende\" style=\"left: 0px; top: 0px; height: 200px; width: 155px;\"><span class=\"text-content\">\r\n<span>\r\n1957, com seu pai <br>Gontran Guanaes Netto, <br>S\u00e3o Paulo.\r\n<\/span>\r\n<\/span><\/div><div class=\"rsSBlock bio-legende\" style=\"left: 155px; top: 0px; height: 200px; width: 284px;\"><span class=\"text-content\">\r\n<span>\r\n1956, S\u00e3o Paulo.\r\n<\/span>\r\n<\/span><\/div><div class=\"rsSBlock bio-legende\" style=\"height: 200px; top: 0px; width: 365px; left: 439px;\"><span class=\"text-content\">\r\n<span>\r\n  1955, Helena e Gontran <br>com a primeira filha.\r\n<\/span>\r\n<\/span><\/div>\n<\/div>\n\n<\/div>\n<\/span><\/p>\n<p>Lucia Guanaes (Lucia Villar Guanaes) nasceu em S\u00e3o Paulo, Brasil. Ap\u00f3s o golpe de 1964, que estabelece uma ditadura militar no pa\u00eds, seu pai \u00e9 for\u00e7ado a se exilar na Fran\u00e7a, enquanto sua fam\u00edlia permanece no Brasil.<\/p>\n<p>Aos 16 anos, Lucia participa da cria\u00e7\u00e3o da revista <em>Bal\u00e3o<\/em>, primeiro <em>fanzine<\/em> de quadrinhos do Brasil. Aos 22 anos, depois de uma experi\u00eancia de tr\u00eas anos como diagramadora em um grande jornal de S\u00e3o Paulo e dois anos na Faculdade de Comunica\u00e7\u00e3o da Universidade de S\u00e3o Paulo, L\u00facia deixa o Brasil para se estabelecer na Fran\u00e7a.<\/p>\n<p>Em 1983, ela se forma em comunica\u00e7\u00e3o visual pela \u00c9cole Nationale Sup\u00e9rieure des Arts D\u00e9coratifs, e cria em Paris, junto com seu companheiro e c\u00famplice Marc Dumas, o est\u00fadio de design gr\u00e1fico Tout pour Plaire. Especializado em comunica\u00e7\u00e3o cultural, o est\u00fadio vai produzir cartazes, cat\u00e1logos, revistas e livros para um grande n\u00famero de teatros, museus, centros culturais, festivais e editoras (entre eles, o Minist\u00e9rio da Cultura franc\u00eas, o Centre Georges Pompidou, o Parc de la Villette, o Centre des Monuments Nationaux, a Cit\u00e9 des Sciences, a Cit\u00e9 de la Musique&#8230;).<\/p>\n<p>Em paralelo, L\u00facia Guanaes e Marc Dumas realizam projetos mais pessoais que d\u00e3o origem \u00e0 publica\u00e7\u00f5es experimentais como <em>Comme \u00e0 la t\u00e9l\u00e9<\/em> (1986), livro de retratos e desejos para o Ano Novo, <em>Clebs<\/em> (1988), calend\u00e1rio dito de &#8220;cachorrinhos&#8221;, <em>Inventaire<\/em><em> d\u2019une poubelle<\/em> (1992), investiga\u00e7\u00e3o fotogr\u00e1fico-policial a partir do conte\u00fado de uma lata de lixo, e enfim <em>Os amigos dos amigos dos meus amigos<\/em> (1994), esp\u00e9cie de jogo em tempo e espa\u00e7o real, resultando em uma exposi\u00e7\u00e3o coletiva.<\/p>\n<p>Desde sua sa\u00edda da \u00c9cole des Arts D\u00e9coratifs, Lucia se dedica \u00e0 fotografia de maneira ass\u00eddua e intensa. Em 1986, retorna ao Brasil depois de quase 10 anos de aus\u00eancia e realiza <em>Brasil<\/em><em>-Br\u00e9sil<\/em>, percurso pessoal em preto e branco de seu pa\u00eds natal, publicado em 1989 pela Editora Marval.<\/p>\n<p>Entre 1996 e 1999, ela realiza o CD-Rom <em>Au c\u0153ur de Bahia,<\/em> sobre o centro hist\u00f3rico de Salvador, que recebeu em 2000 o <em>Grand Prix<\/em><em> M\u00f6bius<\/em> Am\u00e9rica Latina e o <em>Pr\u00eamio Especial do J\u00fari<\/em> no Pr\u00eamio Internacional M\u00f6bius.<\/p>\n<p>Sempre mantendo um p\u00e9 no Brasil, Lucia realiza em seguida <em>Transfigura\u00e7\u00f5es<\/em>, sobre o fen\u00f4meno do travestismo no carnaval da Bahia, <em>Paranapiacaba<\/em> sobre a vila de mesmo nome, <em>Fronteiras do<\/em><em> mar<\/em> sobre o espa\u00e7o urbano nas cidades litor\u00e2neas e <em>Popular <\/em>sobre as diferentes faces da cultura popular brasileira.<\/p>\n<p>Em 2013, ela publica em coautoria com Marc Dumas o livro <em>S\u00e3o Paulo<\/em><em> de todas as sombras<\/em> que re\u00fane imagens tiradas a partir da janela de 11 hot\u00e9is no centro da cidade de S\u00e3o Paulo.<\/p>\n<p>&nbsp;<\/p>\n","protected":false},"excerpt":{"rendered":"<p>Lucia Guanaes (Lucia Villar Guanaes) nasceu em S\u00e3o Paulo, Brasil. Ap\u00f3s o golpe de 1964, que estabelece uma ditadura militar no pa\u00eds, seu pai \u00e9 for\u00e7ado a se exilar na Fran\u00e7a, enquanto sua fam\u00edlia permanece no Brasil. Aos 16 anos, Lucia participa da cria\u00e7\u00e3o da revista Bal\u00e3o, primeiro fanzine de quadrinhos do Brasil. Aos 22 [&hellip;]<\/p>\n","protected":false},"author":1,"featured_media":0,"parent":2080,"menu_order":0,"comment_status":"open","ping_status":"open","template":"page-informations-texte.php","meta":{"_acf_changed":false,"footnotes":""},"categories":[],"tags":[],"class_list":["post-2083","page","type-page","status-publish","hentry"],"acf":[],"_links":{"self":[{"href":"https:\/\/luciaguanaes.com\/pt\/wp-json\/wp\/v2\/pages\/2083","targetHints":{"allow":["GET"]}}],"collection":[{"href":"https:\/\/luciaguanaes.com\/pt\/wp-json\/wp\/v2\/pages"}],"about":[{"href":"https:\/\/luciaguanaes.com\/pt\/wp-json\/wp\/v2\/types\/page"}],"author":[{"embeddable":true,"href":"https:\/\/luciaguanaes.com\/pt\/wp-json\/wp\/v2\/users\/1"}],"replies":[{"embeddable":true,"href":"https:\/\/luciaguanaes.com\/pt\/wp-json\/wp\/v2\/comments?post=2083"}],"version-history":[{"count":13,"href":"https:\/\/luciaguanaes.com\/pt\/wp-json\/wp\/v2\/pages\/2083\/revisions"}],"predecessor-version":[{"id":4956,"href":"https:\/\/luciaguanaes.com\/pt\/wp-json\/wp\/v2\/pages\/2083\/revisions\/4956"}],"up":[{"embeddable":true,"href":"https:\/\/luciaguanaes.com\/pt\/wp-json\/wp\/v2\/pages\/2080"}],"wp:attachment":[{"href":"https:\/\/luciaguanaes.com\/pt\/wp-json\/wp\/v2\/media?parent=2083"}],"wp:term":[{"taxonomy":"category","embeddable":true,"href":"https:\/\/luciaguanaes.com\/pt\/wp-json\/wp\/v2\/categories?post=2083"},{"taxonomy":"post_tag","embeddable":true,"href":"https:\/\/luciaguanaes.com\/pt\/wp-json\/wp\/v2\/tags?post=2083"}],"curies":[{"name":"wp","href":"https:\/\/api.w.org\/{rel}","templated":true}]}}